{"id":552,"date":"2017-10-03T13:12:00","date_gmt":"2017-10-03T11:12:00","guid":{"rendered":"http:\/\/lassche.nl\/algemene-voorwaarden\/"},"modified":"2017-11-23T11:20:46","modified_gmt":"2017-11-23T10:20:46","slug":"allgemeine-geschaftsbedingungen-von-lassche-advocaten","status":"publish","type":"page","link":"https:\/\/www.lassche.nl\/de\/allgemeine-geschaftsbedingungen-von-lassche-advocaten\/","title":{"rendered":"AGB"},"content":{"rendered":"<ol>\n<li>Lassche Advocaten ist eine Gesellschaft bestehend aus (Kanzlei-) Gesellschaften mit beschr\u00e4nkter Haftung. Die Gesellschaften mit beschr\u00e4nkter Haftung erf\u00fcllen die entsprechenden Anforderungen der niederl\u00e4ndischen Anwaltskammer (Nederlandse Orde van Advocaten). Eine Liste der Gesellschafter wird auf Nachfrage zugesandt.<\/li>\n<li>Alle Auftr\u00e4ge von Mandanten betrachtet Lassche Advocaten als ausschlie\u00dflich an Lassche Advocaten erteilte Auftr\u00e4ge, auch wenn es in der Absicht liegt, dass ein Auftrag von einer bestimmten Person ausgef\u00fchrt werden soll. Die Anwendung der Artikel 7:404 und 7:407 Absatz 2 Burgerlijk Wetboek wird ausgeschlossen.<\/li>\n<li>Sofern nichts anderes vereinbart wurde, werden die T\u00e4tigkeiten nach dem Zeitaufwand berechnet, multipliziert mit dem f\u00fcr den jeweiligen Auftrag geltenden Stundenhonorar und mit einem bestimmten Faktor. Bei der Errechnung des Faktors werden die Erfahrung und die Spezialisierung des Anwalts, der den Auftrag tats\u00e4chlich ausf\u00fchrt, der Streitwert und die Dringlichkeit, die f\u00fcr diesen Auftrag gilt, ber\u00fccksichtigt. Die T\u00e4tigkeiten werden in Zeiteinheiten zu je 6 Minuten erfasst und abgerechnet. Zus\u00e4tzlich zu dem Honorar werden 6 % Verwaltungskosten und verauslagten Kosten (f\u00fcr Dritte), sowie MwSt., f\u00e4llig. Lassche Advocaten hat das Recht das Stundenhonorar j\u00e4hrlich zum 1. Januar an die von ihr neu festgesetzten Stundenhonorare anzupassen. Lassche Advocaten hat jederzeit das Recht Vorschusszahlungen von dem Mandanten zu fordern. Ein entrichteter Vorschuss wird mit der Endabrechnung abgegolten. Bei der Zustellung einer Ladung, Erhebung einer Klage, Einreichung eines Antrags oder Verteidigung gegen eine Klage und bei anderen im Gesetz beschriebenen F\u00e4llen haftet Lassche Advocaten oder die Person, die auf der Grundlage irgendeines Rechtsverh\u00e4ltnisses zu Lassche Advocaten den Auftrag tats\u00e4chlich durchf\u00fchrt, f\u00fcr die Zahlung der Gerichtsgeb\u00fchren. In diesen F\u00e4llen wird die Handlung, welche die Gerichtsgeb\u00fchren verursacht, nur verrichtet, wenn der Betrag f\u00fcr die Gerichtsgeb\u00fchren in Form eines Vorschusses Lassche Advocaten sp\u00e4testens vier Werktage vor Verhandlungsbeginn beglichen wird.<\/li>\n<li>Die Zahlung der Rechnungen von Lassche Advocaten muss innerhalb von 14 Tagen nach Rechnungsdatum erfolgen. Wenn diese Frist \u00fcberschritten wird, befindet sich der Mandant von Rechts wegen in Verzug und schuldet Verzugszinsen, die den gesetzlich geltenden (Handels-) Zinsen entsprechen. Ein Einspruch gegen die H\u00f6he der Rechnung muss Lassche Advocaten schriftlich und innerhalb von 14 Tagen nach Rechnungsdatum gemeldet werden. Falls nicht rechtzeitig Einspruch gegen die H\u00f6he der Rechnung erhoben wurde, verf\u00e4llt das Recht auf Einspruch gegen die H\u00f6he der Rechnung. Falls Lassche Advocaten Eintreibungsma\u00dfnahmen gegen den s\u00e4umigen Mandanten ergreifen muss, gehen die Kosten dieser Eintreibung &#8211; mit einem Mindestsatz von 10% der offenstehenden Rechnung \u2013 auf Rechnung des Mandanten. Der Mandant ist nicht zur Aussetzung oder Verrechnung der Zahlung berechtigt.<\/li>\n<li>Lassche Advocaten hat eine Berufshaftpflichtversicherung abgeschlossen, die den Anforderungen der niederl\u00e4ndischen Anwaltskammer entspricht. Die Haftung f\u00fcr Schaden infolge eines Fehlers wird auf denjenigen Betrag begrenzt, f\u00fcr den die abgeschlossene Berufshaftpflichtversicherung haftet, zuz\u00fcglich des Eigenanteils der betreffenden Versicherung.<br \/>\nAlle Klageanspr\u00fcche und andere Befugnisse des Mandanten gegen Lassche Advocaten verfallen ein Jahr nach dem Zeitpunkt, an welchem dem Mandanten das bekannt wurde oder h\u00e4tte werden k\u00f6nnen. Erforderlichenfalls und\/oder m\u00f6glicherweise gelten die Bestimmungen dieser allgemeinen Gesch\u00e4ftsbedingungen (auch) als Drittbeg\u00fcnstigtenklausel gegen\u00fcber den Rechtsanw\u00e4lten und allen Personen, die aufgrund eines Rechtsverh\u00e4ltnisses mit Lassche Advocaten die T\u00e4tigkeiten f\u00fcr den Mandanten ausf\u00fchren oder ausgef\u00fchrt haben, daran beteiligt sind oder waren.<\/li>\n<li>Falls ein Fehler gemacht wird, der zur Haftung f\u00fchrt, ohne dass (vollst\u00e4ndige) Deckung einer Berufshaftpflichtversicherung besteht, wird die Haftung begrenzt auf einen Betrag, welcher der doppelten Menge des in Rechnung gestellten Honorars entspricht f\u00fcr denjenigen Auftrag, aus dem sich die Haftung ergibt, h\u00f6chstens jedoch bis zu einem Betrag zu 50.000,- Euro. Die Haftungsbeschr\u00e4nkungen gelten ebenfalls f\u00fcr den Fall, wenn Lassche Advocaten f\u00fcr Fehler von Dritten, die Lassche Advocaten eingeschaltet hat, haftet oder f\u00fcr fehlerhaftes Funktionieren der von Lassche Advocaten bei der Durchf\u00fchrung des Vertrags verwendeten Apparatur, Software, Dateien, Register oder anderen Sachen, ohne Ausnahme. Lassche Advocaten wird von dem Mandanten erm\u00e4chtigt eventuelle Haftungsbeschr\u00e4nkungen von Dritten im Namen des Mandanten zu akzeptieren.<\/li>\n<li>Die Beauftragung des Mandanten von Lassche Advocaten beinhaltet auch die Befugnis im Namen des Mandanten Vereinbarungen mit Hilfspersonen zu treffen, wie Gerichtsvollzieher, Dolmetscher\/\u00dcbersetzer, Sachverst\u00e4ndige, Kuriere usw. Lassche Advocaten haftet nicht f\u00fcr die Vers\u00e4umnisse dieser Dritten.<\/li>\n<li>Der Mandant stellt Lassche Advocaten von allen Anspr\u00fcchen Dritter frei, ebenfalls von Kosten f\u00fcr Rechtsbeistand, einschlie\u00dflich jener, die auf irgendeine Weise mit den f\u00fcr den Mandanten verrichteten T\u00e4tigkeiten zusammenh\u00e4ngen. Alle Personen, die bei der Ausf\u00fchrung eines Vertrages eingeschaltet werden, k\u00f6nnen sich auf diese allgemeinen Gesch\u00e4ftsbedingungen berufen, inklusive fr\u00fcherer Mitarbeiter, einschlie\u00dflich ihrer eventuellen Erben, falls sie haftbar gemacht werden, nachdem sie aus der Kanzlei von Lassche Advocaten ausgeschieden sind. Der Mandant genehmigt Lassche Advocaten mit der Erteilung des (Inkasso-) Auftrags an Lassche Advocaten ausdr\u00fccklich und unwiderruflich der Stichting Derdengelden Lassche Advocaten einen mit der\/den offenen Rechnung\/en entsprechenden Betrag oder einem Teil dieses Betrags Lassche Advocaten zwecks vollst\u00e4ndiger oder teilweiser Begleichung dieser Rechnung\/en zu bezahlen.<br \/>\nDer Mandant erteilt seine Vollmacht erforderlichenfalls die Stichting Derdengelden Lassche Advocaten ausdr\u00fccklich und unwiderruflich die bei ihr \u2013 der Stichting Derdengelden Lassche Advocaten &#8211; zugunsten des Mandanten, bzw. mit ihm verbundenen Gesellschaften\/juristischen Personen, verf\u00fcgbare Saldi, bzw. erhaltene Drittgelder zu Lasten des Mandanten und\/oder der mit ihm verbundenen Gesellschaften\/juristischen Personen offene Rechnungen von Lassche Advocaten zu begleichen.<br \/>\nFalls der Mandant oder seine mit ihm verbundenen Gesellschaften\/ Rechtspersonen die F\u00e4lligkeit, bzw. die H\u00f6he der Rechnung bestreiten, sind Lassche Advocaten und die Stiftung berechtigt zur Verrechnung der unbestrittenen Betr\u00e4ge der betreffenden Rechnung(en) und sind Lassche Advocaten und die Stiftung zudem berechtigt die Zahlung von Betr\u00e4gen \u00fcber den bestrittenen Teil der Rechnung(en) auszustellen.<\/li>\n<li>Das Rechtsverh\u00e4ltnis von Lassche Advocaten zu ihren Mandanten unterliegt der niederl\u00e4ndischen Gesetzgebung. Das Beschwerdeverfahren von Lassche Advocaten wird auf der Webseite von Lassche Advocaten (www.lassche.nl) vermeldet und auf Nachfrage zugesandt. Alle Rechtsstreitigkeiten, die sich aus dem Zustandekommen und\/oder der Durchf\u00fchrung der Dienstleistung ergeben, einschlie\u00dflich aller Rechtsstreitigkeiten \u00fcber bestrittene oder unbezahlte Rechnungen, werden von dem zust\u00e4ndigen Gericht Overijssel, Standort Almelo geschlichtet. Lassche Advocaten hat das Recht auch die Befugnis eines &#8211; f\u00fcr den Sitz des Mandanten zust\u00e4ndiges &#8211; Gerichts rechtlich anzuerkennen.<\/li>\n<li>Der niederl\u00e4ndische Text dieser allgemeinen Gesch\u00e4ftsbedingungen ist bindend und erh\u00e4lt immer den Vorzug gegen\u00fcber den jeweiligen \u00dcbersetzungen. Lassche Advocaten hat jederzeit das Recht diese allgemeinen Gesch\u00e4ftsbedingungen zu \u00e4ndern. Die aktuellste Version der allgemeinen Gesch\u00e4ftsbedingungen findet sich auf der Webseite von Lassche Advocaten (<a href=\"https:\/\/www.lassche.nl\">www.lassche.nl<\/a>).<\/li>\n<\/ol>\n","protected":false},"excerpt":{"rendered":"<p>Lassche Advocaten ist eine Gesellschaft bestehend aus (Kanzlei-) Gesellschaften mit beschr\u00e4nkter Haftung. Die Gesellschaften mit beschr\u00e4nkter Haftung erf\u00fcllen die entsprechenden Anforderungen der niederl\u00e4ndischen Anwaltskammer (Nederlandse Orde van Advocaten). Eine Liste der Gesellschafter wird auf Nachfrage zugesandt. Alle Auftr\u00e4ge von Mandanten betrachtet Lassche Advocaten als ausschlie\u00dflich an Lassche Advocaten erteilte Auftr\u00e4ge, auch wenn es in der [&hellip;]<\/p>\n","protected":false},"author":2,"featured_media":0,"parent":0,"menu_order":0,"comment_status":"closed","ping_status":"closed","template":"contentpagina.php","meta":{"_acf_changed":false,"footnotes":""},"class_list":["post-552","page","type-page","status-publish","hentry"],"acf":[],"yoast_head":"<!-- This site is optimized with the Yoast SEO plugin v27.6 - https:\/\/yoast.com\/product\/yoast-seo-wordpress\/ -->\n<title>AGB - Lassche Advocaten<\/title>\n<meta name=\"robots\" content=\"index, follow, max-snippet:-1, max-image-preview:large, max-video-preview:-1\" \/>\n<link rel=\"canonical\" href=\"https:\/\/www.lassche.nl\/de\/allgemeine-geschaftsbedingungen-von-lassche-advocaten\/\" \/>\n<meta property=\"og:locale\" content=\"de_DE\" \/>\n<meta property=\"og:type\" content=\"article\" \/>\n<meta property=\"og:title\" content=\"AGB - Lassche Advocaten\" \/>\n<meta property=\"og:description\" content=\"Lassche Advocaten ist eine Gesellschaft bestehend aus (Kanzlei-) Gesellschaften mit beschr\u00e4nkter Haftung. Die Gesellschaften mit beschr\u00e4nkter Haftung erf\u00fcllen die entsprechenden Anforderungen der niederl\u00e4ndischen Anwaltskammer (Nederlandse Orde van Advocaten). Eine Liste der Gesellschafter wird auf Nachfrage zugesandt. Alle Auftr\u00e4ge von Mandanten betrachtet Lassche Advocaten als ausschlie\u00dflich an Lassche Advocaten erteilte Auftr\u00e4ge, auch wenn es in der [&hellip;]\" \/>\n<meta property=\"og:url\" content=\"https:\/\/www.lassche.nl\/de\/allgemeine-geschaftsbedingungen-von-lassche-advocaten\/\" \/>\n<meta property=\"og:site_name\" content=\"Lassche Advocaten\" \/>\n<meta property=\"article:modified_time\" content=\"2017-11-23T10:20:46+00:00\" \/>\n<meta name=\"twitter:card\" content=\"summary_large_image\" \/>\n<meta name=\"twitter:label1\" content=\"Gesch\u00e4tzte Lesezeit\" \/>\n\t<meta name=\"twitter:data1\" content=\"5\u00a0Minuten\" \/>\n<script type=\"application\/ld+json\" class=\"yoast-schema-graph\">{\"@context\":\"https:\\\/\\\/schema.org\",\"@graph\":[{\"@type\":\"WebPage\",\"@id\":\"https:\\\/\\\/www.lassche.nl\\\/de\\\/allgemeine-geschaftsbedingungen-von-lassche-advocaten\\\/\",\"url\":\"https:\\\/\\\/www.lassche.nl\\\/de\\\/allgemeine-geschaftsbedingungen-von-lassche-advocaten\\\/\",\"name\":\"AGB - Lassche Advocaten\",\"isPartOf\":{\"@id\":\"https:\\\/\\\/www.lassche.nl\\\/#website\"},\"datePublished\":\"2017-10-03T11:12:00+00:00\",\"dateModified\":\"2017-11-23T10:20:46+00:00\",\"breadcrumb\":{\"@id\":\"https:\\\/\\\/www.lassche.nl\\\/de\\\/allgemeine-geschaftsbedingungen-von-lassche-advocaten\\\/#breadcrumb\"},\"inLanguage\":\"de\",\"potentialAction\":[{\"@type\":\"ReadAction\",\"target\":[\"https:\\\/\\\/www.lassche.nl\\\/de\\\/allgemeine-geschaftsbedingungen-von-lassche-advocaten\\\/\"]}]},{\"@type\":\"BreadcrumbList\",\"@id\":\"https:\\\/\\\/www.lassche.nl\\\/de\\\/allgemeine-geschaftsbedingungen-von-lassche-advocaten\\\/#breadcrumb\",\"itemListElement\":[{\"@type\":\"ListItem\",\"position\":1,\"name\":\"Home\",\"item\":\"https:\\\/\\\/www.lassche.nl\\\/de\\\/\"},{\"@type\":\"ListItem\",\"position\":2,\"name\":\"AGB\"}]},{\"@type\":\"WebSite\",\"@id\":\"https:\\\/\\\/www.lassche.nl\\\/#website\",\"url\":\"https:\\\/\\\/www.lassche.nl\\\/\",\"name\":\"Lassche Advocaten\",\"description\":\"\",\"publisher\":{\"@id\":\"https:\\\/\\\/www.lassche.nl\\\/#organization\"},\"potentialAction\":[{\"@type\":\"SearchAction\",\"target\":{\"@type\":\"EntryPoint\",\"urlTemplate\":\"https:\\\/\\\/www.lassche.nl\\\/?s={search_term_string}\"},\"query-input\":{\"@type\":\"PropertyValueSpecification\",\"valueRequired\":true,\"valueName\":\"search_term_string\"}}],\"inLanguage\":\"de\"},{\"@type\":\"Organization\",\"@id\":\"https:\\\/\\\/www.lassche.nl\\\/#organization\",\"name\":\"Lassche Advocaten\",\"url\":\"https:\\\/\\\/www.lassche.nl\\\/\",\"logo\":{\"@type\":\"ImageObject\",\"inLanguage\":\"de\",\"@id\":\"https:\\\/\\\/www.lassche.nl\\\/#\\\/schema\\\/logo\\\/image\\\/\",\"url\":\"\",\"contentUrl\":\"\",\"caption\":\"Lassche Advocaten\"},\"image\":{\"@id\":\"https:\\\/\\\/www.lassche.nl\\\/#\\\/schema\\\/logo\\\/image\\\/\"}}]}<\/script>\n<!-- \/ Yoast SEO plugin. -->","yoast_head_json":{"title":"AGB - Lassche Advocaten","robots":{"index":"index","follow":"follow","max-snippet":"max-snippet:-1","max-image-preview":"max-image-preview:large","max-video-preview":"max-video-preview:-1"},"canonical":"https:\/\/www.lassche.nl\/de\/allgemeine-geschaftsbedingungen-von-lassche-advocaten\/","og_locale":"de_DE","og_type":"article","og_title":"AGB - Lassche Advocaten","og_description":"Lassche Advocaten ist eine Gesellschaft bestehend aus (Kanzlei-) Gesellschaften mit beschr\u00e4nkter Haftung. Die Gesellschaften mit beschr\u00e4nkter Haftung erf\u00fcllen die entsprechenden Anforderungen der niederl\u00e4ndischen Anwaltskammer (Nederlandse Orde van Advocaten). Eine Liste der Gesellschafter wird auf Nachfrage zugesandt. Alle Auftr\u00e4ge von Mandanten betrachtet Lassche Advocaten als ausschlie\u00dflich an Lassche Advocaten erteilte Auftr\u00e4ge, auch wenn es in der [&hellip;]","og_url":"https:\/\/www.lassche.nl\/de\/allgemeine-geschaftsbedingungen-von-lassche-advocaten\/","og_site_name":"Lassche Advocaten","article_modified_time":"2017-11-23T10:20:46+00:00","twitter_card":"summary_large_image","twitter_misc":{"Gesch\u00e4tzte Lesezeit":"5\u00a0Minuten"},"schema":{"@context":"https:\/\/schema.org","@graph":[{"@type":"WebPage","@id":"https:\/\/www.lassche.nl\/de\/allgemeine-geschaftsbedingungen-von-lassche-advocaten\/","url":"https:\/\/www.lassche.nl\/de\/allgemeine-geschaftsbedingungen-von-lassche-advocaten\/","name":"AGB - Lassche Advocaten","isPartOf":{"@id":"https:\/\/www.lassche.nl\/#website"},"datePublished":"2017-10-03T11:12:00+00:00","dateModified":"2017-11-23T10:20:46+00:00","breadcrumb":{"@id":"https:\/\/www.lassche.nl\/de\/allgemeine-geschaftsbedingungen-von-lassche-advocaten\/#breadcrumb"},"inLanguage":"de","potentialAction":[{"@type":"ReadAction","target":["https:\/\/www.lassche.nl\/de\/allgemeine-geschaftsbedingungen-von-lassche-advocaten\/"]}]},{"@type":"BreadcrumbList","@id":"https:\/\/www.lassche.nl\/de\/allgemeine-geschaftsbedingungen-von-lassche-advocaten\/#breadcrumb","itemListElement":[{"@type":"ListItem","position":1,"name":"Home","item":"https:\/\/www.lassche.nl\/de\/"},{"@type":"ListItem","position":2,"name":"AGB"}]},{"@type":"WebSite","@id":"https:\/\/www.lassche.nl\/#website","url":"https:\/\/www.lassche.nl\/","name":"Lassche Advocaten","description":"","publisher":{"@id":"https:\/\/www.lassche.nl\/#organization"},"potentialAction":[{"@type":"SearchAction","target":{"@type":"EntryPoint","urlTemplate":"https:\/\/www.lassche.nl\/?s={search_term_string}"},"query-input":{"@type":"PropertyValueSpecification","valueRequired":true,"valueName":"search_term_string"}}],"inLanguage":"de"},{"@type":"Organization","@id":"https:\/\/www.lassche.nl\/#organization","name":"Lassche Advocaten","url":"https:\/\/www.lassche.nl\/","logo":{"@type":"ImageObject","inLanguage":"de","@id":"https:\/\/www.lassche.nl\/#\/schema\/logo\/image\/","url":"","contentUrl":"","caption":"Lassche Advocaten"},"image":{"@id":"https:\/\/www.lassche.nl\/#\/schema\/logo\/image\/"}}]}},"_links":{"self":[{"href":"https:\/\/www.lassche.nl\/de\/wp-json\/wp\/v2\/pages\/552","targetHints":{"allow":["GET"]}}],"collection":[{"href":"https:\/\/www.lassche.nl\/de\/wp-json\/wp\/v2\/pages"}],"about":[{"href":"https:\/\/www.lassche.nl\/de\/wp-json\/wp\/v2\/types\/page"}],"author":[{"embeddable":true,"href":"https:\/\/www.lassche.nl\/de\/wp-json\/wp\/v2\/users\/2"}],"replies":[{"embeddable":true,"href":"https:\/\/www.lassche.nl\/de\/wp-json\/wp\/v2\/comments?post=552"}],"version-history":[{"count":5,"href":"https:\/\/www.lassche.nl\/de\/wp-json\/wp\/v2\/pages\/552\/revisions"}],"predecessor-version":[{"id":733,"href":"https:\/\/www.lassche.nl\/de\/wp-json\/wp\/v2\/pages\/552\/revisions\/733"}],"wp:attachment":[{"href":"https:\/\/www.lassche.nl\/de\/wp-json\/wp\/v2\/media?parent=552"}],"curies":[{"name":"wp","href":"https:\/\/api.w.org\/{rel}","templated":true}]}}