{"id":549,"date":"2017-10-03T12:59:50","date_gmt":"2017-10-03T10:59:50","guid":{"rendered":"http:\/\/lassche.nl\/rechtsgebieden\/"},"modified":"2017-11-23T09:43:40","modified_gmt":"2017-11-23T08:43:40","slug":"rechtsgebiete","status":"publish","type":"page","link":"https:\/\/www.lassche.nl\/de\/rechtsgebiete\/","title":{"rendered":"Rechtsgebiete"},"content":{"rendered":"<p>Lassche Advocaten ist spezialisiert auf Dienstleistungen f\u00fcr Unternehmer. Dies bedeutet, dass die Rechtsanw\u00e4lte von Lassche Advocaten speziell diejenigen Rechtsgebiete behandeln, welche bei Unternehmen naturgem\u00e4\u00df eine gro\u00dfe Rolle spielen.<\/p>\n<p>F\u00fcr unsere deutschen Mandanten verrichten wir vor allem folgende Dienste:<\/p>\n<div class=\"rechtcontainer\">\n<div class=\"rechten\">\n<p>[diensten]<\/p>\n<\/div>\n<\/div>\n<p>Damit wir Ihnen optimal von Dienst sein k\u00f6nnen, sind die Rechtsanw\u00e4lte von Lassche Advocaten Mitglieder in einigen Fachverb\u00e4nden f\u00fcr Anw\u00e4lte in den Niederlanden. Dadurch k\u00f6nnen die Mandanten von Lassche Advocaten sicher sein von erfahrenen, fachkundigen und professionellen Fachanw\u00e4lten betreut zu werden, die immer auf dem Laufenden sind hinsichtlich der aktuellen Gesetzeslage und Rechtssprechung.<\/p>\n","protected":false},"excerpt":{"rendered":"<p>Lassche Advocaten ist spezialisiert auf Dienstleistungen f\u00fcr Unternehmer. Dies bedeutet, dass die Rechtsanw\u00e4lte von Lassche Advocaten speziell diejenigen Rechtsgebiete behandeln, welche bei Unternehmen naturgem\u00e4\u00df eine gro\u00dfe Rolle spielen. F\u00fcr unsere deutschen Mandanten verrichten wir vor allem folgende Dienste: [diensten] Damit wir Ihnen optimal von Dienst sein k\u00f6nnen, sind die Rechtsanw\u00e4lte von Lassche Advocaten Mitglieder in [&hellip;]<\/p>\n","protected":false},"author":2,"featured_media":0,"parent":0,"menu_order":0,"comment_status":"closed","ping_status":"closed","template":"rechtsgebieden.php","meta":{"_acf_changed":false,"footnotes":""},"class_list":["post-549","page","type-page","status-publish","hentry"],"acf":[],"yoast_head":"<!-- This site is optimized with the Yoast SEO plugin v27.6 - https:\/\/yoast.com\/product\/yoast-seo-wordpress\/ -->\n<title>Rechtsgebiete - Lassche Advocaten<\/title>\n<meta name=\"robots\" content=\"index, follow, max-snippet:-1, max-image-preview:large, max-video-preview:-1\" \/>\n<link rel=\"canonical\" href=\"https:\/\/www.lassche.nl\/de\/rechtsgebiete\/\" \/>\n<meta property=\"og:locale\" content=\"de_DE\" \/>\n<meta property=\"og:type\" content=\"article\" \/>\n<meta property=\"og:title\" content=\"Rechtsgebiete - Lassche Advocaten\" \/>\n<meta property=\"og:description\" content=\"Lassche Advocaten ist spezialisiert auf Dienstleistungen f\u00fcr Unternehmer. Dies bedeutet, dass die Rechtsanw\u00e4lte von Lassche Advocaten speziell diejenigen Rechtsgebiete behandeln, welche bei Unternehmen naturgem\u00e4\u00df eine gro\u00dfe Rolle spielen. F\u00fcr unsere deutschen Mandanten verrichten wir vor allem folgende Dienste: [diensten] Damit wir Ihnen optimal von Dienst sein k\u00f6nnen, sind die Rechtsanw\u00e4lte von Lassche Advocaten Mitglieder in [&hellip;]\" \/>\n<meta property=\"og:url\" content=\"https:\/\/www.lassche.nl\/de\/rechtsgebiete\/\" \/>\n<meta property=\"og:site_name\" content=\"Lassche Advocaten\" \/>\n<meta property=\"article:modified_time\" content=\"2017-11-23T08:43:40+00:00\" \/>\n<meta name=\"twitter:card\" content=\"summary_large_image\" \/>\n<meta name=\"twitter:label1\" content=\"Gesch\u00e4tzte Lesezeit\" \/>\n\t<meta name=\"twitter:data1\" content=\"1\u00a0Minute\" \/>\n<script type=\"application\/ld+json\" class=\"yoast-schema-graph\">{\"@context\":\"https:\\\/\\\/schema.org\",\"@graph\":[{\"@type\":\"WebPage\",\"@id\":\"https:\\\/\\\/www.lassche.nl\\\/de\\\/rechtsgebiete\\\/\",\"url\":\"https:\\\/\\\/www.lassche.nl\\\/de\\\/rechtsgebiete\\\/\",\"name\":\"Rechtsgebiete - Lassche Advocaten\",\"isPartOf\":{\"@id\":\"https:\\\/\\\/www.lassche.nl\\\/#website\"},\"datePublished\":\"2017-10-03T10:59:50+00:00\",\"dateModified\":\"2017-11-23T08:43:40+00:00\",\"breadcrumb\":{\"@id\":\"https:\\\/\\\/www.lassche.nl\\\/de\\\/rechtsgebiete\\\/#breadcrumb\"},\"inLanguage\":\"de\",\"potentialAction\":[{\"@type\":\"ReadAction\",\"target\":[\"https:\\\/\\\/www.lassche.nl\\\/de\\\/rechtsgebiete\\\/\"]}]},{\"@type\":\"BreadcrumbList\",\"@id\":\"https:\\\/\\\/www.lassche.nl\\\/de\\\/rechtsgebiete\\\/#breadcrumb\",\"itemListElement\":[{\"@type\":\"ListItem\",\"position\":1,\"name\":\"Home\",\"item\":\"https:\\\/\\\/www.lassche.nl\\\/de\\\/\"},{\"@type\":\"ListItem\",\"position\":2,\"name\":\"Rechtsgebiete\"}]},{\"@type\":\"WebSite\",\"@id\":\"https:\\\/\\\/www.lassche.nl\\\/#website\",\"url\":\"https:\\\/\\\/www.lassche.nl\\\/\",\"name\":\"Lassche Advocaten\",\"description\":\"\",\"publisher\":{\"@id\":\"https:\\\/\\\/www.lassche.nl\\\/#organization\"},\"potentialAction\":[{\"@type\":\"SearchAction\",\"target\":{\"@type\":\"EntryPoint\",\"urlTemplate\":\"https:\\\/\\\/www.lassche.nl\\\/?s={search_term_string}\"},\"query-input\":{\"@type\":\"PropertyValueSpecification\",\"valueRequired\":true,\"valueName\":\"search_term_string\"}}],\"inLanguage\":\"de\"},{\"@type\":\"Organization\",\"@id\":\"https:\\\/\\\/www.lassche.nl\\\/#organization\",\"name\":\"Lassche Advocaten\",\"url\":\"https:\\\/\\\/www.lassche.nl\\\/\",\"logo\":{\"@type\":\"ImageObject\",\"inLanguage\":\"de\",\"@id\":\"https:\\\/\\\/www.lassche.nl\\\/#\\\/schema\\\/logo\\\/image\\\/\",\"url\":\"\",\"contentUrl\":\"\",\"caption\":\"Lassche Advocaten\"},\"image\":{\"@id\":\"https:\\\/\\\/www.lassche.nl\\\/#\\\/schema\\\/logo\\\/image\\\/\"}}]}<\/script>\n<!-- \/ Yoast SEO plugin. -->","yoast_head_json":{"title":"Rechtsgebiete - Lassche Advocaten","robots":{"index":"index","follow":"follow","max-snippet":"max-snippet:-1","max-image-preview":"max-image-preview:large","max-video-preview":"max-video-preview:-1"},"canonical":"https:\/\/www.lassche.nl\/de\/rechtsgebiete\/","og_locale":"de_DE","og_type":"article","og_title":"Rechtsgebiete - Lassche Advocaten","og_description":"Lassche Advocaten ist spezialisiert auf Dienstleistungen f\u00fcr Unternehmer. Dies bedeutet, dass die Rechtsanw\u00e4lte von Lassche Advocaten speziell diejenigen Rechtsgebiete behandeln, welche bei Unternehmen naturgem\u00e4\u00df eine gro\u00dfe Rolle spielen. F\u00fcr unsere deutschen Mandanten verrichten wir vor allem folgende Dienste: [diensten] Damit wir Ihnen optimal von Dienst sein k\u00f6nnen, sind die Rechtsanw\u00e4lte von Lassche Advocaten Mitglieder in [&hellip;]","og_url":"https:\/\/www.lassche.nl\/de\/rechtsgebiete\/","og_site_name":"Lassche Advocaten","article_modified_time":"2017-11-23T08:43:40+00:00","twitter_card":"summary_large_image","twitter_misc":{"Gesch\u00e4tzte Lesezeit":"1\u00a0Minute"},"schema":{"@context":"https:\/\/schema.org","@graph":[{"@type":"WebPage","@id":"https:\/\/www.lassche.nl\/de\/rechtsgebiete\/","url":"https:\/\/www.lassche.nl\/de\/rechtsgebiete\/","name":"Rechtsgebiete - Lassche Advocaten","isPartOf":{"@id":"https:\/\/www.lassche.nl\/#website"},"datePublished":"2017-10-03T10:59:50+00:00","dateModified":"2017-11-23T08:43:40+00:00","breadcrumb":{"@id":"https:\/\/www.lassche.nl\/de\/rechtsgebiete\/#breadcrumb"},"inLanguage":"de","potentialAction":[{"@type":"ReadAction","target":["https:\/\/www.lassche.nl\/de\/rechtsgebiete\/"]}]},{"@type":"BreadcrumbList","@id":"https:\/\/www.lassche.nl\/de\/rechtsgebiete\/#breadcrumb","itemListElement":[{"@type":"ListItem","position":1,"name":"Home","item":"https:\/\/www.lassche.nl\/de\/"},{"@type":"ListItem","position":2,"name":"Rechtsgebiete"}]},{"@type":"WebSite","@id":"https:\/\/www.lassche.nl\/#website","url":"https:\/\/www.lassche.nl\/","name":"Lassche Advocaten","description":"","publisher":{"@id":"https:\/\/www.lassche.nl\/#organization"},"potentialAction":[{"@type":"SearchAction","target":{"@type":"EntryPoint","urlTemplate":"https:\/\/www.lassche.nl\/?s={search_term_string}"},"query-input":{"@type":"PropertyValueSpecification","valueRequired":true,"valueName":"search_term_string"}}],"inLanguage":"de"},{"@type":"Organization","@id":"https:\/\/www.lassche.nl\/#organization","name":"Lassche Advocaten","url":"https:\/\/www.lassche.nl\/","logo":{"@type":"ImageObject","inLanguage":"de","@id":"https:\/\/www.lassche.nl\/#\/schema\/logo\/image\/","url":"","contentUrl":"","caption":"Lassche Advocaten"},"image":{"@id":"https:\/\/www.lassche.nl\/#\/schema\/logo\/image\/"}}]}},"_links":{"self":[{"href":"https:\/\/www.lassche.nl\/de\/wp-json\/wp\/v2\/pages\/549","targetHints":{"allow":["GET"]}}],"collection":[{"href":"https:\/\/www.lassche.nl\/de\/wp-json\/wp\/v2\/pages"}],"about":[{"href":"https:\/\/www.lassche.nl\/de\/wp-json\/wp\/v2\/types\/page"}],"author":[{"embeddable":true,"href":"https:\/\/www.lassche.nl\/de\/wp-json\/wp\/v2\/users\/2"}],"replies":[{"embeddable":true,"href":"https:\/\/www.lassche.nl\/de\/wp-json\/wp\/v2\/comments?post=549"}],"version-history":[{"count":8,"href":"https:\/\/www.lassche.nl\/de\/wp-json\/wp\/v2\/pages\/549\/revisions"}],"predecessor-version":[{"id":723,"href":"https:\/\/www.lassche.nl\/de\/wp-json\/wp\/v2\/pages\/549\/revisions\/723"}],"wp:attachment":[{"href":"https:\/\/www.lassche.nl\/de\/wp-json\/wp\/v2\/media?parent=549"}],"curies":[{"name":"wp","href":"https:\/\/api.w.org\/{rel}","templated":true}]}}