{"id":547,"date":"2017-10-03T13:09:03","date_gmt":"2017-10-03T11:09:03","guid":{"rendered":"http:\/\/lassche.nl\/onroerend-goed-en-bouwrecht\/"},"modified":"2017-11-07T15:49:50","modified_gmt":"2017-11-07T14:49:50","slug":"immobilienrecht-den-niederlanden","status":"publish","type":"page","link":"https:\/\/www.lassche.nl\/de\/immobilienrecht-den-niederlanden\/","title":{"rendered":"Immobilienrecht in den Niederlanden"},"content":{"rendered":"<p>Immer \u00f6fter mieten, bauen oder kaufen deutsche Firmen und Privatpersonen Immobilien in den Niederlanden. Logischerweise hat man dann mit dem niederl\u00e4ndischen Immobilienrecht zu tun.<\/p>\n<p>Auf allen Rechtsgebieten des Immobilienrechts kann Lassche Advocaten Sie fachgerecht beraten. Selbstverst\u00e4ndlich \u00fcbernehmen wir f\u00fcr Sie aber auch die Prozessf\u00fchrung durch alle Instanzen, um Ihre bestehenden Anspr\u00fcche konsequent durchzusetzen.<\/p>\n<h2>Mietrecht<\/h2>\n<p>Unsere Anw\u00e4lte haben sehr weitreichende Erfahrungen und Kenntnisse auf diesem Rechtsgebiet.<\/p>\n<p>Wir beraten und vertreten Sie unter anderem bei mietrechtlichen Problemen im Zusammenhang mit dem Abschluss von Mietvertr\u00e4gen, Mieterh\u00f6hungen, K\u00fcndigungen, R\u00e4umungsverfahren und \u00e4hnlichem.<\/p>\n<p>Dies gilt gleicherma\u00dfen f\u00fcr das Wohnraummietrecht, wie f\u00fcr das Gesch\u00e4ftsraummietrecht.<\/p>\n<h2>Wohnungseigentumsrecht<\/h2>\n<p>Wir vertreten Mandanten in allen wohnungseigentumsrechtlichen Angelegenheiten.<\/p>\n<p>Im Rahmen des Wohnungseigentumsrecht stehen die Rechtsbeziehungen der einzelnen Wohnungseigent\u00fcmer untereinander und zu dem Verwalter im Vordergrund sowie Fragen, die den Hauskauf \/ Hausverkauf in den Niederlanden und die Nutzung einer Eigentumswohnung betreffen.<\/p>\n<h2>Grundst\u00fccksrecht<\/h2>\n<p>Im Bereich des Grundst\u00fccksrechts beraten wir bei Erwerb, Verkauf und Verwaltung von Wohn- und Gewerbegrundst\u00fccken in Holland.<\/p>\n<p>Grundst\u00fccksrechtliche Aspekte sind im Rahmen von Grundst\u00fcckskaufvertr\u00e4gen, deren Abwicklung und insbesondere bei Fehlern in der Abwicklung von Wichtigkeit.<\/p>\n<p>In diesen Zusammenhang fallen auch Schadensersatzanspr\u00fcche bei wissentlich verschwiegenen M\u00e4ngeln an der Immobilie, sowie Anspr\u00fcche auf Minderung wegen M\u00e4ngeln.<\/p>\n<p>Weiterhin stehen die folgenden Begriffe mit dem Grundst\u00fccksrecht im Zusammenhang: Miteigentum, Dienstbarkeiten, Grunddienstbarkeiten, Vorkaufsrecht, Hypothek und Zwangsversteigerung.<\/p>\n<h2>Baurecht<\/h2>\n<p>Auch F\u00e4lle des \u00f6ffentlichen und privaten Baurechts rundum die Niederl\u00e4ndische Immobilie bearbeiten wir f\u00fcr Sie.<\/p>\n<p>Das \u00f6ffentliche Baurecht erstreckt sich hierbei vor allem auf Fragen im Zusammenhang mit der Baugenehmigung. Das \u00f6ffentliche Baurecht beinhaltet alle Normen, die beachtet werden m\u00fcssen, wenn eine bauliche Anlage errichtet werden soll, insbesondere Fragen der bestimmungsgem\u00e4\u00dfen Nutzung der baulichen Anlage und der Zul\u00e4ssigkeit.<\/p>\n<p>Das private Baurecht besch\u00e4ftigt sich mit Problemen, welche bei der Errichtung oder beim Umbau von Immobilien auftreten. Dies sind vor allem Streitigkeiten in Zusammenhang mit Handwerkervertr\u00e4gen, Architektenvertr\u00e4gen usw.<\/p>\n<p>Weiterhin stehen die folgenden Begriffe mit dem privaten Baurecht im Zusammenhang: Gestaltung und Pr\u00fcfung von Bauvertr\u00e4gen und Generalunternehmervertr\u00e4gen, durchsetzung von Werklohn- und Gew\u00e4hrleistungsanspr\u00fcchen.<\/p>\n<p>Auch auf dem Gebiet des Baurechts haben unsere Rechtsanw\u00e4lte weitreichende Erfahrungen und Fachkenntnisse. Wir sind u.a. Mitglied der niederl\u00e4ndischen Fachanwaltsvereinigung f\u00fcr Baurecht (Vereniging voor Bouwrecht-Advocaten).<\/p>\n<h2>Wollen Sie mehr wissen?<\/h2>\n<p>Die hier vermeldeten Angaben dienen lediglich als allgemeine Informationen und ersetzen selbstverst\u00e4ndlich nicht die spezifische, juristische Beratung unserer Rechtsanw\u00e4lte.<\/p>\n<p>Selbstverst\u00e4ndlich k\u00f6nnen Sie uns jederzeit anrufen. Wir beantworten Ihnen gerne Ihre Fragen. Alle Mitarbeiter sprechen flie\u00dfend Deutsch und Korrespondenz auf Deutsch ist f\u00fcr uns schon seit Jahren eine Selbstverst\u00e4ndlichkeit.<\/p>\n","protected":false},"excerpt":{"rendered":"<p>Immer \u00f6fter mieten, bauen oder kaufen deutsche Firmen und Privatpersonen Immobilien in den Niederlanden. Logischerweise hat man dann mit dem niederl\u00e4ndischen Immobilienrecht zu tun. Auf allen Rechtsgebieten des Immobilienrechts kann Lassche Advocaten Sie fachgerecht beraten. Selbstverst\u00e4ndlich \u00fcbernehmen wir f\u00fcr Sie aber auch die Prozessf\u00fchrung durch alle Instanzen, um Ihre bestehenden Anspr\u00fcche konsequent durchzusetzen. Mietrecht Unsere [&hellip;]<\/p>\n","protected":false},"author":2,"featured_media":0,"parent":0,"menu_order":0,"comment_status":"closed","ping_status":"closed","template":"contentpagina.php","meta":{"_acf_changed":false,"footnotes":""},"class_list":["post-547","page","type-page","status-publish","hentry"],"acf":[],"yoast_head":"<!-- This site is optimized with the Yoast SEO plugin v27.6 - https:\/\/yoast.com\/product\/yoast-seo-wordpress\/ -->\n<title>Immobilienrecht in den Niederlanden - Lassche Advocaten<\/title>\n<meta name=\"robots\" content=\"index, follow, max-snippet:-1, max-image-preview:large, max-video-preview:-1\" \/>\n<link rel=\"canonical\" href=\"https:\/\/www.lassche.nl\/de\/immobilienrecht-den-niederlanden\/\" \/>\n<meta property=\"og:locale\" content=\"de_DE\" \/>\n<meta property=\"og:type\" content=\"article\" \/>\n<meta property=\"og:title\" content=\"Immobilienrecht in den Niederlanden - Lassche Advocaten\" \/>\n<meta property=\"og:description\" content=\"Immer \u00f6fter mieten, bauen oder kaufen deutsche Firmen und Privatpersonen Immobilien in den Niederlanden. Logischerweise hat man dann mit dem niederl\u00e4ndischen Immobilienrecht zu tun. Auf allen Rechtsgebieten des Immobilienrechts kann Lassche Advocaten Sie fachgerecht beraten. Selbstverst\u00e4ndlich \u00fcbernehmen wir f\u00fcr Sie aber auch die Prozessf\u00fchrung durch alle Instanzen, um Ihre bestehenden Anspr\u00fcche konsequent durchzusetzen. Mietrecht Unsere [&hellip;]\" \/>\n<meta property=\"og:url\" content=\"https:\/\/www.lassche.nl\/de\/immobilienrecht-den-niederlanden\/\" \/>\n<meta property=\"og:site_name\" content=\"Lassche Advocaten\" \/>\n<meta property=\"article:modified_time\" content=\"2017-11-07T14:49:50+00:00\" \/>\n<meta name=\"twitter:card\" content=\"summary_large_image\" \/>\n<meta name=\"twitter:label1\" content=\"Gesch\u00e4tzte Lesezeit\" \/>\n\t<meta name=\"twitter:data1\" content=\"2\u00a0Minuten\" \/>\n<script type=\"application\/ld+json\" class=\"yoast-schema-graph\">{\"@context\":\"https:\\\/\\\/schema.org\",\"@graph\":[{\"@type\":\"WebPage\",\"@id\":\"https:\\\/\\\/www.lassche.nl\\\/de\\\/immobilienrecht-den-niederlanden\\\/\",\"url\":\"https:\\\/\\\/www.lassche.nl\\\/de\\\/immobilienrecht-den-niederlanden\\\/\",\"name\":\"Immobilienrecht in den Niederlanden - Lassche Advocaten\",\"isPartOf\":{\"@id\":\"https:\\\/\\\/www.lassche.nl\\\/#website\"},\"datePublished\":\"2017-10-03T11:09:03+00:00\",\"dateModified\":\"2017-11-07T14:49:50+00:00\",\"breadcrumb\":{\"@id\":\"https:\\\/\\\/www.lassche.nl\\\/de\\\/immobilienrecht-den-niederlanden\\\/#breadcrumb\"},\"inLanguage\":\"de\",\"potentialAction\":[{\"@type\":\"ReadAction\",\"target\":[\"https:\\\/\\\/www.lassche.nl\\\/de\\\/immobilienrecht-den-niederlanden\\\/\"]}]},{\"@type\":\"BreadcrumbList\",\"@id\":\"https:\\\/\\\/www.lassche.nl\\\/de\\\/immobilienrecht-den-niederlanden\\\/#breadcrumb\",\"itemListElement\":[{\"@type\":\"ListItem\",\"position\":1,\"name\":\"Home\",\"item\":\"https:\\\/\\\/www.lassche.nl\\\/de\\\/\"},{\"@type\":\"ListItem\",\"position\":2,\"name\":\"Immobilienrecht in den Niederlanden\"}]},{\"@type\":\"WebSite\",\"@id\":\"https:\\\/\\\/www.lassche.nl\\\/#website\",\"url\":\"https:\\\/\\\/www.lassche.nl\\\/\",\"name\":\"Lassche Advocaten\",\"description\":\"\",\"publisher\":{\"@id\":\"https:\\\/\\\/www.lassche.nl\\\/#organization\"},\"potentialAction\":[{\"@type\":\"SearchAction\",\"target\":{\"@type\":\"EntryPoint\",\"urlTemplate\":\"https:\\\/\\\/www.lassche.nl\\\/?s={search_term_string}\"},\"query-input\":{\"@type\":\"PropertyValueSpecification\",\"valueRequired\":true,\"valueName\":\"search_term_string\"}}],\"inLanguage\":\"de\"},{\"@type\":\"Organization\",\"@id\":\"https:\\\/\\\/www.lassche.nl\\\/#organization\",\"name\":\"Lassche Advocaten\",\"url\":\"https:\\\/\\\/www.lassche.nl\\\/\",\"logo\":{\"@type\":\"ImageObject\",\"inLanguage\":\"de\",\"@id\":\"https:\\\/\\\/www.lassche.nl\\\/#\\\/schema\\\/logo\\\/image\\\/\",\"url\":\"\",\"contentUrl\":\"\",\"caption\":\"Lassche Advocaten\"},\"image\":{\"@id\":\"https:\\\/\\\/www.lassche.nl\\\/#\\\/schema\\\/logo\\\/image\\\/\"}}]}<\/script>\n<!-- \/ Yoast SEO plugin. -->","yoast_head_json":{"title":"Immobilienrecht in den Niederlanden - Lassche Advocaten","robots":{"index":"index","follow":"follow","max-snippet":"max-snippet:-1","max-image-preview":"max-image-preview:large","max-video-preview":"max-video-preview:-1"},"canonical":"https:\/\/www.lassche.nl\/de\/immobilienrecht-den-niederlanden\/","og_locale":"de_DE","og_type":"article","og_title":"Immobilienrecht in den Niederlanden - Lassche Advocaten","og_description":"Immer \u00f6fter mieten, bauen oder kaufen deutsche Firmen und Privatpersonen Immobilien in den Niederlanden. Logischerweise hat man dann mit dem niederl\u00e4ndischen Immobilienrecht zu tun. Auf allen Rechtsgebieten des Immobilienrechts kann Lassche Advocaten Sie fachgerecht beraten. Selbstverst\u00e4ndlich \u00fcbernehmen wir f\u00fcr Sie aber auch die Prozessf\u00fchrung durch alle Instanzen, um Ihre bestehenden Anspr\u00fcche konsequent durchzusetzen. Mietrecht Unsere [&hellip;]","og_url":"https:\/\/www.lassche.nl\/de\/immobilienrecht-den-niederlanden\/","og_site_name":"Lassche Advocaten","article_modified_time":"2017-11-07T14:49:50+00:00","twitter_card":"summary_large_image","twitter_misc":{"Gesch\u00e4tzte Lesezeit":"2\u00a0Minuten"},"schema":{"@context":"https:\/\/schema.org","@graph":[{"@type":"WebPage","@id":"https:\/\/www.lassche.nl\/de\/immobilienrecht-den-niederlanden\/","url":"https:\/\/www.lassche.nl\/de\/immobilienrecht-den-niederlanden\/","name":"Immobilienrecht in den Niederlanden - Lassche Advocaten","isPartOf":{"@id":"https:\/\/www.lassche.nl\/#website"},"datePublished":"2017-10-03T11:09:03+00:00","dateModified":"2017-11-07T14:49:50+00:00","breadcrumb":{"@id":"https:\/\/www.lassche.nl\/de\/immobilienrecht-den-niederlanden\/#breadcrumb"},"inLanguage":"de","potentialAction":[{"@type":"ReadAction","target":["https:\/\/www.lassche.nl\/de\/immobilienrecht-den-niederlanden\/"]}]},{"@type":"BreadcrumbList","@id":"https:\/\/www.lassche.nl\/de\/immobilienrecht-den-niederlanden\/#breadcrumb","itemListElement":[{"@type":"ListItem","position":1,"name":"Home","item":"https:\/\/www.lassche.nl\/de\/"},{"@type":"ListItem","position":2,"name":"Immobilienrecht in den Niederlanden"}]},{"@type":"WebSite","@id":"https:\/\/www.lassche.nl\/#website","url":"https:\/\/www.lassche.nl\/","name":"Lassche Advocaten","description":"","publisher":{"@id":"https:\/\/www.lassche.nl\/#organization"},"potentialAction":[{"@type":"SearchAction","target":{"@type":"EntryPoint","urlTemplate":"https:\/\/www.lassche.nl\/?s={search_term_string}"},"query-input":{"@type":"PropertyValueSpecification","valueRequired":true,"valueName":"search_term_string"}}],"inLanguage":"de"},{"@type":"Organization","@id":"https:\/\/www.lassche.nl\/#organization","name":"Lassche Advocaten","url":"https:\/\/www.lassche.nl\/","logo":{"@type":"ImageObject","inLanguage":"de","@id":"https:\/\/www.lassche.nl\/#\/schema\/logo\/image\/","url":"","contentUrl":"","caption":"Lassche Advocaten"},"image":{"@id":"https:\/\/www.lassche.nl\/#\/schema\/logo\/image\/"}}]}},"_links":{"self":[{"href":"https:\/\/www.lassche.nl\/de\/wp-json\/wp\/v2\/pages\/547","targetHints":{"allow":["GET"]}}],"collection":[{"href":"https:\/\/www.lassche.nl\/de\/wp-json\/wp\/v2\/pages"}],"about":[{"href":"https:\/\/www.lassche.nl\/de\/wp-json\/wp\/v2\/types\/page"}],"author":[{"embeddable":true,"href":"https:\/\/www.lassche.nl\/de\/wp-json\/wp\/v2\/users\/2"}],"replies":[{"embeddable":true,"href":"https:\/\/www.lassche.nl\/de\/wp-json\/wp\/v2\/comments?post=547"}],"version-history":[{"count":1,"href":"https:\/\/www.lassche.nl\/de\/wp-json\/wp\/v2\/pages\/547\/revisions"}],"predecessor-version":[{"id":548,"href":"https:\/\/www.lassche.nl\/de\/wp-json\/wp\/v2\/pages\/547\/revisions\/548"}],"wp:attachment":[{"href":"https:\/\/www.lassche.nl\/de\/wp-json\/wp\/v2\/media?parent=547"}],"curies":[{"name":"wp","href":"https:\/\/api.w.org\/{rel}","templated":true}]}}