{"id":531,"date":"2017-10-03T13:03:22","date_gmt":"2017-10-03T11:03:22","guid":{"rendered":"http:\/\/lassche.nl\/kantoorprofiel\/"},"modified":"2017-11-03T16:07:12","modified_gmt":"2017-11-03T15:07:12","slug":"kanzleiprofil","status":"publish","type":"page","link":"https:\/\/www.lassche.nl\/de\/kanzleiprofil\/","title":{"rendered":"Kanzleiprofil"},"content":{"rendered":"<p>Lassche Advocaten strebt danach sorgf\u00e4ltig und professionell vorzugehen, um ein optimales Ergebnis f\u00fcr ihre Mandanten zu erzielen.<\/p>\n<p>Die langj\u00e4hrigen, einschl\u00e4gigen Erfahrungen der Rechtsanw\u00e4lte von Lassche Advocaten geben Ihnen die Sicherheit, dass Ihre Sache kompetent und z\u00fcgig behandelt wird.<\/p>\n<p>Dies gilt nicht nur f\u00fcr die au\u00dfergerichtliche Abwicklung Ihrer Sachen, sondern auch f\u00fcr die gerichtliche Durchsetzung Ihrer Anspr\u00fcche. Jede Sache erf\u00e4hrt die Aufmerksamkeit, die f\u00fcr das Erzielen des besten Ergebnisses notwendig ist.<\/p>\n<h3>Dienstleistungen<\/h3>\n<p>Lassche Advocaten hat sich auf juristische Dienstleistungen im Unternehmensbereich spezialisiert. Wir kennen die Probleme, mit denen Unternehmer zu tun haben und haben unsere Dienstleistungen darauf abgestimmt.<\/p>\n<p>Das Servicepaket von Lassche Advocaten besteht aus folgenden Dienstleistungen.<\/p>\n<ul>\n<li>Rechtsberatung &amp; Prozessf\u00fchrung<\/li>\n<li>Inkassodienst<\/li>\n<li>Externe Rechtsabteilung f\u00fcr Unternehmen<\/li>\n<\/ul>\n<h3>Rechtsberatung &amp; Prozessvertretung<\/h3>\n<p>Im Bereich Rechtsberatung &amp; Prozessvertretung behandelt Lassche Advocaten juristische Probleme zu einem Stundentarif. Wir versuchen immer zuerst Ihr Problem au\u00dfergerichtlich zu l\u00f6sen, indem wir Sie fachkompetent beraten und mit Ihrer Gegenpartei auf professionellem Niveau unterhandeln. Wenn eine effektive Vorgehensweise dies erfordert, dann \u00fcbernimmt Lassche Advocaten auch die gerichtliche Durchsetzung Ihrer Anspr\u00fcche. Die Anw\u00e4lte von Lassche Advocaten haben weitreichende Prozesserfahrung und k\u00f6nnen Ihre Sache optimal vor Gericht pr\u00e4sentieren und Ihr Anliegen verfechten.<\/p>\n<h3>Inkassodienst<\/h3>\n<p>Der Inkassodienst von Lassche Advocaten besteht aus \u00e4u\u00dferst erfahrenen Inkassomitarbeitern, die zielgerichtet und sachkundig Ihren Inkassoauftrag bearbeiten. Inkasso steht f\u00fcr die au\u00dfergerichtliche Eintreibung von f\u00e4lligen und unbestrittenen Geldforderungen. Der effiziente Inkassodienst von Lassche Advocaten treibt Ihre Forderungen z\u00fcgig und professionell ein. Der Inkassodienst wird geleitet von einem Rechtsanwalt, der Mitglied ist in der niederl\u00e4ndischen Fachvereinigung f\u00fcr Inkassoanw\u00e4lte (VIA). Diese Mitgliedschaft gew\u00e4hrleistet die fachkundige und zuverl\u00e4ssige Eintreibung Ihrer Geldforderungen.<\/p>\n<p>Und f\u00fcr Inkassoauftr\u00e4ge gilt: No cure, no pay! Gelingt es dem Inkassodienst nicht Ihre Forderung einzutreiben, dann zahlen Sie keinerlei Provision.<\/p>\n<h3>Externe Rechtsabteilung f\u00fcr Unternehmen<\/h3>\n<p>Das Angebot einer externen Rechtsabteilung f\u00fcr Unternehmen von Lassche Advocaten ist ein besonderer Service f\u00fcr dynamische Unternehmen, die regelm\u00e4\u00dfig mit Rechtsfragen konfrontiert werden. Oft wird der Rechtsanwalt zu sp\u00e4t eingeschaltet. Wir haben die Erfahrung gemacht, dass das rechtzeitige Einschalten eines fachkompetenten Anwalts in vielen F\u00e4llen das Schlimmste verhindert und Ihnen hohe Kosten erspart. F\u00fcr einen Festbetrag pro Jahr sichern Sie sich die fachkundige Rechtsberatung unserer Rechtsanw\u00e4lte. Mit einem Abonnement verf\u00fcgen Sie \u00fcber Ihren eigenen \u201cUnternehmensjurist\u201d, der Sie bei allen anfallenden Rechtsproblemen ber\u00e4t.<\/p>\n<h3>LexNet<\/h3>\n<p>Bei internationalen Handelsvertr\u00e4gen k\u00f6nnen rechtliche Probleme auftauchen. Auch dabei kann Ihnen Lassche Advocaten behilflich sein.<\/p>\n<p>Lassche Advocaten ist Mitglied von LexNet. LexNet ist ein internationale, juristische Arbeitsgemeinschaft von Rechtsanw\u00e4lten aus der ganzen Welt.<\/p>\n<p>Auch bei internationalen Handelskonflikten kann Lassche Advocaten Ihnen daher fachkompetenten Rechtsbeistand bieten.<\/p>\n<h3>Lassche Award<\/h3>\n<p>1998 haben Lassche Advocaten den Lassche Award gestiftet. Dieser Preis wird regelm\u00e4\u00dfig Personen oder Einrichtungen ausgerichtet, die sich verdient gemacht haben auf dem Gebiet des internationalen Rechts im Rechtsvergleich.<\/p>\n<p>Der Preis ist dotiert mit einem Geldbetrag und einer Skulptur. Dieses einzigartige Kunstwerk wurde eigens daf\u00fcr entworfen von dem bekannten Bildhauer Ruurd Hallema in Borne. Die Skulptur soll ein stilisiertes Herz darstellen, auf dem eine Buchrolle balanciert.<\/p>\n<p>Der Lassche Award wurde am 29. April 1998 vom ehemaligen Ministerpr\u00e4sidenten Professor Mr A.A.M. van Agt offiziell eingeweiht.<\/p>\n","protected":false},"excerpt":{"rendered":"<p>Lassche Advocaten strebt danach sorgf\u00e4ltig und professionell vorzugehen, um ein optimales Ergebnis f\u00fcr ihre Mandanten zu erzielen. Die langj\u00e4hrigen, einschl\u00e4gigen Erfahrungen der Rechtsanw\u00e4lte von Lassche Advocaten geben Ihnen die Sicherheit, dass Ihre Sache kompetent und z\u00fcgig behandelt wird. Dies gilt nicht nur f\u00fcr die au\u00dfergerichtliche Abwicklung Ihrer Sachen, sondern auch f\u00fcr die gerichtliche Durchsetzung Ihrer [&hellip;]<\/p>\n","protected":false},"author":2,"featured_media":0,"parent":0,"menu_order":0,"comment_status":"closed","ping_status":"closed","template":"contentpagina.php","meta":{"_acf_changed":false,"footnotes":""},"class_list":["post-531","page","type-page","status-publish","hentry"],"acf":[],"yoast_head":"<!-- This site is optimized with the Yoast SEO plugin v27.6 - https:\/\/yoast.com\/product\/yoast-seo-wordpress\/ -->\n<title>Kanzleiprofil - Lassche Advocaten<\/title>\n<meta name=\"robots\" content=\"index, follow, max-snippet:-1, max-image-preview:large, max-video-preview:-1\" \/>\n<link rel=\"canonical\" href=\"https:\/\/www.lassche.nl\/de\/kanzleiprofil\/\" \/>\n<meta property=\"og:locale\" content=\"de_DE\" \/>\n<meta property=\"og:type\" content=\"article\" \/>\n<meta property=\"og:title\" content=\"Kanzleiprofil - Lassche Advocaten\" \/>\n<meta property=\"og:description\" content=\"Lassche Advocaten strebt danach sorgf\u00e4ltig und professionell vorzugehen, um ein optimales Ergebnis f\u00fcr ihre Mandanten zu erzielen. Die langj\u00e4hrigen, einschl\u00e4gigen Erfahrungen der Rechtsanw\u00e4lte von Lassche Advocaten geben Ihnen die Sicherheit, dass Ihre Sache kompetent und z\u00fcgig behandelt wird. Dies gilt nicht nur f\u00fcr die au\u00dfergerichtliche Abwicklung Ihrer Sachen, sondern auch f\u00fcr die gerichtliche Durchsetzung Ihrer [&hellip;]\" \/>\n<meta property=\"og:url\" content=\"https:\/\/www.lassche.nl\/de\/kanzleiprofil\/\" \/>\n<meta property=\"og:site_name\" content=\"Lassche Advocaten\" \/>\n<meta property=\"article:modified_time\" content=\"2017-11-03T15:07:12+00:00\" \/>\n<meta name=\"twitter:card\" content=\"summary_large_image\" \/>\n<meta name=\"twitter:label1\" content=\"Gesch\u00e4tzte Lesezeit\" \/>\n\t<meta name=\"twitter:data1\" content=\"3\u00a0Minuten\" \/>\n<script type=\"application\/ld+json\" class=\"yoast-schema-graph\">{\"@context\":\"https:\\\/\\\/schema.org\",\"@graph\":[{\"@type\":\"WebPage\",\"@id\":\"https:\\\/\\\/www.lassche.nl\\\/de\\\/kanzleiprofil\\\/\",\"url\":\"https:\\\/\\\/www.lassche.nl\\\/de\\\/kanzleiprofil\\\/\",\"name\":\"Kanzleiprofil - Lassche Advocaten\",\"isPartOf\":{\"@id\":\"https:\\\/\\\/www.lassche.nl\\\/#website\"},\"datePublished\":\"2017-10-03T11:03:22+00:00\",\"dateModified\":\"2017-11-03T15:07:12+00:00\",\"breadcrumb\":{\"@id\":\"https:\\\/\\\/www.lassche.nl\\\/de\\\/kanzleiprofil\\\/#breadcrumb\"},\"inLanguage\":\"de\",\"potentialAction\":[{\"@type\":\"ReadAction\",\"target\":[\"https:\\\/\\\/www.lassche.nl\\\/de\\\/kanzleiprofil\\\/\"]}]},{\"@type\":\"BreadcrumbList\",\"@id\":\"https:\\\/\\\/www.lassche.nl\\\/de\\\/kanzleiprofil\\\/#breadcrumb\",\"itemListElement\":[{\"@type\":\"ListItem\",\"position\":1,\"name\":\"Home\",\"item\":\"https:\\\/\\\/www.lassche.nl\\\/de\\\/\"},{\"@type\":\"ListItem\",\"position\":2,\"name\":\"Kanzleiprofil\"}]},{\"@type\":\"WebSite\",\"@id\":\"https:\\\/\\\/www.lassche.nl\\\/#website\",\"url\":\"https:\\\/\\\/www.lassche.nl\\\/\",\"name\":\"Lassche Advocaten\",\"description\":\"\",\"publisher\":{\"@id\":\"https:\\\/\\\/www.lassche.nl\\\/#organization\"},\"potentialAction\":[{\"@type\":\"SearchAction\",\"target\":{\"@type\":\"EntryPoint\",\"urlTemplate\":\"https:\\\/\\\/www.lassche.nl\\\/?s={search_term_string}\"},\"query-input\":{\"@type\":\"PropertyValueSpecification\",\"valueRequired\":true,\"valueName\":\"search_term_string\"}}],\"inLanguage\":\"de\"},{\"@type\":\"Organization\",\"@id\":\"https:\\\/\\\/www.lassche.nl\\\/#organization\",\"name\":\"Lassche Advocaten\",\"url\":\"https:\\\/\\\/www.lassche.nl\\\/\",\"logo\":{\"@type\":\"ImageObject\",\"inLanguage\":\"de\",\"@id\":\"https:\\\/\\\/www.lassche.nl\\\/#\\\/schema\\\/logo\\\/image\\\/\",\"url\":\"\",\"contentUrl\":\"\",\"caption\":\"Lassche Advocaten\"},\"image\":{\"@id\":\"https:\\\/\\\/www.lassche.nl\\\/#\\\/schema\\\/logo\\\/image\\\/\"}}]}<\/script>\n<!-- \/ Yoast SEO plugin. -->","yoast_head_json":{"title":"Kanzleiprofil - Lassche Advocaten","robots":{"index":"index","follow":"follow","max-snippet":"max-snippet:-1","max-image-preview":"max-image-preview:large","max-video-preview":"max-video-preview:-1"},"canonical":"https:\/\/www.lassche.nl\/de\/kanzleiprofil\/","og_locale":"de_DE","og_type":"article","og_title":"Kanzleiprofil - Lassche Advocaten","og_description":"Lassche Advocaten strebt danach sorgf\u00e4ltig und professionell vorzugehen, um ein optimales Ergebnis f\u00fcr ihre Mandanten zu erzielen. Die langj\u00e4hrigen, einschl\u00e4gigen Erfahrungen der Rechtsanw\u00e4lte von Lassche Advocaten geben Ihnen die Sicherheit, dass Ihre Sache kompetent und z\u00fcgig behandelt wird. Dies gilt nicht nur f\u00fcr die au\u00dfergerichtliche Abwicklung Ihrer Sachen, sondern auch f\u00fcr die gerichtliche Durchsetzung Ihrer [&hellip;]","og_url":"https:\/\/www.lassche.nl\/de\/kanzleiprofil\/","og_site_name":"Lassche Advocaten","article_modified_time":"2017-11-03T15:07:12+00:00","twitter_card":"summary_large_image","twitter_misc":{"Gesch\u00e4tzte Lesezeit":"3\u00a0Minuten"},"schema":{"@context":"https:\/\/schema.org","@graph":[{"@type":"WebPage","@id":"https:\/\/www.lassche.nl\/de\/kanzleiprofil\/","url":"https:\/\/www.lassche.nl\/de\/kanzleiprofil\/","name":"Kanzleiprofil - Lassche Advocaten","isPartOf":{"@id":"https:\/\/www.lassche.nl\/#website"},"datePublished":"2017-10-03T11:03:22+00:00","dateModified":"2017-11-03T15:07:12+00:00","breadcrumb":{"@id":"https:\/\/www.lassche.nl\/de\/kanzleiprofil\/#breadcrumb"},"inLanguage":"de","potentialAction":[{"@type":"ReadAction","target":["https:\/\/www.lassche.nl\/de\/kanzleiprofil\/"]}]},{"@type":"BreadcrumbList","@id":"https:\/\/www.lassche.nl\/de\/kanzleiprofil\/#breadcrumb","itemListElement":[{"@type":"ListItem","position":1,"name":"Home","item":"https:\/\/www.lassche.nl\/de\/"},{"@type":"ListItem","position":2,"name":"Kanzleiprofil"}]},{"@type":"WebSite","@id":"https:\/\/www.lassche.nl\/#website","url":"https:\/\/www.lassche.nl\/","name":"Lassche Advocaten","description":"","publisher":{"@id":"https:\/\/www.lassche.nl\/#organization"},"potentialAction":[{"@type":"SearchAction","target":{"@type":"EntryPoint","urlTemplate":"https:\/\/www.lassche.nl\/?s={search_term_string}"},"query-input":{"@type":"PropertyValueSpecification","valueRequired":true,"valueName":"search_term_string"}}],"inLanguage":"de"},{"@type":"Organization","@id":"https:\/\/www.lassche.nl\/#organization","name":"Lassche Advocaten","url":"https:\/\/www.lassche.nl\/","logo":{"@type":"ImageObject","inLanguage":"de","@id":"https:\/\/www.lassche.nl\/#\/schema\/logo\/image\/","url":"","contentUrl":"","caption":"Lassche Advocaten"},"image":{"@id":"https:\/\/www.lassche.nl\/#\/schema\/logo\/image\/"}}]}},"_links":{"self":[{"href":"https:\/\/www.lassche.nl\/de\/wp-json\/wp\/v2\/pages\/531","targetHints":{"allow":["GET"]}}],"collection":[{"href":"https:\/\/www.lassche.nl\/de\/wp-json\/wp\/v2\/pages"}],"about":[{"href":"https:\/\/www.lassche.nl\/de\/wp-json\/wp\/v2\/types\/page"}],"author":[{"embeddable":true,"href":"https:\/\/www.lassche.nl\/de\/wp-json\/wp\/v2\/users\/2"}],"replies":[{"embeddable":true,"href":"https:\/\/www.lassche.nl\/de\/wp-json\/wp\/v2\/comments?post=531"}],"version-history":[{"count":3,"href":"https:\/\/www.lassche.nl\/de\/wp-json\/wp\/v2\/pages\/531\/revisions"}],"predecessor-version":[{"id":536,"href":"https:\/\/www.lassche.nl\/de\/wp-json\/wp\/v2\/pages\/531\/revisions\/536"}],"wp:attachment":[{"href":"https:\/\/www.lassche.nl\/de\/wp-json\/wp\/v2\/media?parent=531"}],"curies":[{"name":"wp","href":"https:\/\/api.w.org\/{rel}","templated":true}]}}