{"id":529,"date":"2017-09-29T16:04:18","date_gmt":"2017-09-29T14:04:18","guid":{"rendered":"http:\/\/lassche.nl\/incasso\/"},"modified":"2018-01-29T12:00:36","modified_gmt":"2018-01-29T11:00:36","slug":"inkasso-holland","status":"publish","type":"page","link":"https:\/\/www.lassche.nl\/de\/inkasso-holland\/","title":{"rendered":"Inkasso\u00a0Holland &#038; Niederlande"},"content":{"rendered":"<h2>Was ist der Inkassodienst Lassche?<\/h2>\n<p>Inkassodienst Lassche ist Teil der Anwaltskanzlei Lassche in Enschede. Der Inkassodienst der Lassche Advokaten ist spezialisiert auf die Einziehung von Geldforderungen f\u00fcr Unternehmern. Im Rahmen dieser T\u00e4tigkeit beraten und unterst\u00fctzen wir bereits seit 20 Jahren Mandanten aus den Niederlanden und Deutschland.<\/p>\n<p>Der Inkassodienst wird geleitet von einem auf Inkassot\u00e4tigkeiten spezialisierten Rechtsanwalt, der Mitglied ist in der niederl\u00e4ndischen Vereinigung der Inkassoanw\u00e4lte (VIA). Alle Mitglieder dieser Fachanwaltsvereinigung wurden speziell ausgebildet und unterliegen dem strengen Verhaltenskodex, der von der niederl\u00e4ndischen Anwaltskammer (Nederlandse Orde van Advocaten) aufgestellt wurde. Die VIA kennt dar\u00fcber hinaus noch einen gesonderten Verhaltenskodex, welcher ganz spezifisch gilt f\u00fcr die Eintreibung und Sicherstellung von Geldforderungen. Durch seine Spezialisierung kann der VIA-Inkassoanwalt schnell und zuverl\u00e4ssig f\u00fcr Sie einkassieren. Die Mitgliedschaft im VIA garantiert Ihnen Qualit\u00e4t. Mehr Informationen \u00fcber den VIA finden Sie auf\u00a0<a href=\"http:\/\/www.via-incasso.nl\/\" name=\"via-incasso\">www.via-incasso.nl<\/a>.<\/p>\n<h2>Was tut der Inkassodienst Lassche?<\/h2>\n<p>Inkasso steht f\u00fcr die au\u00dfergerichtliche Eintreibung von f\u00e4lligen und unbestrittenen Geldforderungen. Der Inkassodienst Lassche besteht aus \u00e4u\u00dferst erfahrenen Inkassomitarbeitern, die zielgerichtet und sachkundig Ihren Inkassoauftrag bearbeiten. Der effiziente Inkassodienst von Lassche Advocaten treibt Ihre Forderungen (ab 500,- Euro) z\u00fcgig und professionell ein.<\/p>\n<h2>Wie zieht der Inkassodienst Lassche Ihre Forderung ein?<\/h2>\n<p>Nach Erhalt Ihres Inkasso-Auftrages wird dieser in unser automatisiertes Inkassosystem eingegeben. Der Schuldner wird danach einige Male schriftlich gemahnt und zu unterschiedlichen Zeitpunkten telefonisch kontaktiert.<\/p>\n<p>Nachdem der Schuldner Zahlung geleistet hat, wird Ihnen der einkassierte Betrag unter Abzug unserer Provision gezahlt. Zur schnelleren Abwicklung des Zahlungsverkehrs verf\u00fcgen wir \u00fcber eine deutsche Bankverbindung.<\/p>\n<p>\u00dcbrigens werden Drittgelder auf ein spezielles Anderkonto der Stiftung Verwaltung Drittgelder Lassche Advocaten eingezahlt. So haben Sie die Gewissheit, dass Ihre Gelder nicht zweckentfremdet werden.<\/p>\n<p>Falls erforderlich untersuchen wir in einem Fr\u00fchstadium schon die Zahlungsf\u00e4higkeit, bzw. Bonit\u00e4t des Schuldners. Das geschieht u.a. durch Nachforschungen beim Katasteramt, Handelsregister und Gerichtsregistern.<\/p>\n<p>Falls sich herausstellen sollte, dass Zahlung in einem Male nicht m\u00f6glich ist, kann eine Ratenzahlung vereinbart werden. Derartige Zahlungsregelungen werden in einem automatisierten System erfasst und die Einhaltung der Vereinbarungen wird sorgf\u00e4ltig \u00fcberwacht.<\/p>\n<p>Auf Wunsch kann nach einem bestimmten Stufenplan vorgegangen werden, der ganz speziell auf Ihre Bed\u00fcrfnisse zugeschnitten ist. Wir sind uns bewusst, dass jede Firma anders ist und ber\u00fccksichtigen dies im gesamten Ablauf.<\/p>\n<h2>Was kostet der Inkassodienst Lassche?<\/h2>\n<p>Der Inkassodienst von Lassche Advocaten arbeitet nach dem Prinzip: No cure, no pay. Gelingt es dem Inkassodienst nicht Ihre Forderung au\u00dfergerichtlich einzutreiben, zahlen Sie keinerlei Provision.<\/p>\n<p>\u00dcber den einkassierten Betrag erh\u00e4lt der Inkassodienst 15% (exkl. MwSt.) Provision.<\/p>\n<p>Selbstverst\u00e4ndlich versucht der Inkassodienst auch die Provision beim Schuldner geltend zu machen. Aber wenn dies nicht gelingt, geht diese Provision auf Ihre Rechnung. Auch Betr\u00e4ge, die wir an Dritte zahlen, wie zum Beispiel Geb\u00fchren f\u00fcr amtliche Adressanfragen oder Handelsregisterkosten zur Erlangung der aktuellen Daten Ihres Schuldners, m\u00fcssen wir Ihnen berechnen. Dies gilt sowohl f\u00fcr den Fall einer erfolgreichen Einziehung Ihrer Forderung, als auch f\u00fcr den Fall, dass eine Einziehung \u2013 ganz unverhofft \u2013 nicht gelingen sollte.<\/p>\n<p>Unser Bestreben liegt darin Sie als Auftraggeber mit unseren Dienstleistungen zufrieden zu stellen, und zwar zu m\u00f6glichst geringen Kosten. Jede M\u00f6glichkeit dem Schuldner diese Kosten zu berechnen, wird von uns selbstverst\u00e4ndlich wahrgenommen.<\/p>\n<h2>Und wenn das Inkasso erfolglos bleibt?<\/h2>\n<p>Der Hauptvorteil unserer Kanzlei besteht darin, dass Sie alles aus einer Hand bekommen: vom Mahnschreiben bis zur Vollstreckung eines Gerichtsurteils. Wir k\u00f6nnen jederzeit gerichtliche Schritte einleiten. Ein normales Inkassob\u00fcro hat diese M\u00f6glichkeit nicht, sondern muss bei erfolgloser Eintreibung einen Rechtsanwalt einschalten.<\/p>\n<p>Wenn das au\u00dfergerichtliche Inkasso erfolglos bleibt, kann die Sache sofort von einem unserer Anw\u00e4lte dem Gericht vorgelegt werden. Dies geschieht selbstverst\u00e4ndlich immer erst nach Abstimmung mit Ihnen bzgl. der Kosten und nachdem Sie Ihre Einwilligung erteilt haben.<\/p>\n<p>Nachdem Sie uns zur Einleitung eines Gerichtsverfahren beauftragt haben, leiten unsere Rechtsanw\u00e4lte sofort alles Weitere in die Wege. Selbstverst\u00e4ndlich \u00fcbernehmen wir alle Verfahrenshandlungen, also nicht nur die Vorladung, sondern auch Pf\u00e4ndungen, sowohl vorher (Sicherungspf\u00e4ndung) als auch nach der Verk\u00fcndung des Urteils (Zwangsvollstreckung), Zeugenvernehmungen usw.<\/p>\n<p>Zus\u00e4tzlich zu einem normalen Verfahren besteht auch die M\u00f6glichkeit eines Eilverfahrens, welches schon innerhalb von ungef\u00e4hr 10 Tagen gef\u00fchrt werden.<\/p>\n<p>Schnelles Handeln ist \u00e4u\u00dferst wichtig, weil ein Schuldner oft auch noch andere Probleme finanzieller Art hat. Wenn wir dann als Erste handeln, erh\u00f6hen sich die Chancen auf eine erfolgreiche Einziehung meistens doch erheblich.<\/p>\n<p>Wenn beim Schuldner gar nichts mehr geht, bleibt als letztes Mittel der Antrag auf ein Insolvenzverfahren (Konkursverfahren). Es geschieht interessanterweise aber oft gerade in diesem Stadium, dass der Schuldner doch noch zahlt, um ein Insolvenzverfahren zu verhindern.<\/p>\n<p>Mit der Kombination des Inkassodienst Lassche und der Anwaltskanzlei Lassche haben Sie gute Chancen, dass Ihre Forderungen doch noch bezahlt werden.<\/p>\n<h2>Was sind die Vorteile des Inkassodienst Lassche?<\/h2>\n<ol>\n<li>Bei uns bekommen Sie alles aus einer Hand: vom ersten Mahnschreiben bis zur Vollstreckung eines Gerichtsurteils.<\/li>\n<li>Die au\u00dfergerichtliche Erfolgsquote unsereres Inkassodienstes betr\u00e4gt 65 Prozent.<\/li>\n<li>Vermeidung von unn\u00f6tigen Kosten: nicht noch mehr Geld verlieren!<\/li>\n<li>Bonit\u00e4tspr\u00fcfung: In aussichtlosen F\u00e4llen entstehen keine zus\u00e4tzlichen Kosten.<\/li>\n<li>Wir pr\u00fcfen Vollstreckungsm\u00f6glichkeiten gegen zahlungsunwillige Schuldner.<\/li>\n<li>Kosten und Auslagen werden \u2013 sofern m\u00f6glich- dem Schuldner berechnet.<\/li>\n<li>Beharrliche Mahnbearbeitung im nachgerichtlichen Inkasso. \u00dcbernahme der konsequenten Adresspflege, \u00dcberwachung der Verm\u00f6gensverh\u00e4ltnisse der Schuldner und Ermittlung von Anschriften.<\/li>\n<li>St\u00e4ndige Fristen- und Verj\u00e4hrungskontrolle.<\/li>\n<li>Das eigene Personal des Gl\u00e4ubigers wird nicht mit der Ermittlung von Anschriften und weiteren Recherchen belastet.<\/li>\n<li>Mitgliedschaft in dem Fachverband VIA f\u00fcr schnelles und zuverl\u00e4ssiges Inkasso.<\/li>\n<\/ol>\n<p>&nbsp;<\/p>\n<h2>Was k\u00f6nnen Sie selber unternehmen gegen s\u00e4umige Zahler?<\/h2>\n<p>Wichtig f\u00fcr jedes Unternehmen ist zun\u00e4chst die sorgf\u00e4ltige Auswahl von Kunden, denen ein Kredit einger\u00e4umt wird.<br \/>\nBei der Gestaltung von Vertr\u00e4gen gilt es in erster Linie, die Forderung rechtlich einwandfrei abzusichern. Spezielle Sicherungsma\u00dfnahmen in diesem Zusammenhang sind zum Beispiel Eigentumsvorbehalt, Schuldmit\u00fcbernahme und B\u00fcrgschaften.<br \/>\nFerner ist die Anwendung von guten allgemeinen Gesch\u00e4ftsbedingungen sehr wichtig.<\/p>\n<p>Vor Forderungsverlusten sch\u00fctzt dann aber vor allem ein straffes und konsequent arbeitendes Mahnwesen. Das reagiert nicht erst bei ausbleibenden Zahlungen, sondern fungiert auch als eine Art Fr\u00fchwarnsystem. Denn es gibt durchaus Signale, die auf beginnende Liquidit\u00e4tsengp\u00e4sse beim Kunden hinweisen: So etwa die \u00c4nderung der Zahlungsart von der \u00dcberweisung zum Scheck oder gar Wechsel, um die Verrechnung durch entsprechende Laufzeiten hinauszuz\u00f6gern. Auch eine neue Bankverbindung l\u00e4\u00dft die Vermutung zu, da\u00df es mit dem bisherigen Kreditinstitut Probleme gibt.<\/p>\n<h2>Wollen Sie mehr wissen \u00fcber den Inkassodienst Lassche?<\/h2>\n<p>Selbstverst\u00e4ndlich k\u00f6nnen Sie uns auch jederzeit anrufen. Wir beantworten Ihnen gerne Ihre Fragen. Alle Mitarbeiter sprechen flie\u00dfend Deutsch und Korrespondenz auf Deutsch ist f\u00fcr uns schon seit Jahren eine Selbstverst\u00e4ndlichkeit.<br \/>\nAnsonsten gilt: Urteilen Sie selber. Sie k\u00f6nnen sich selbst ein Bild machen. Vertrauen Sie uns ruhig einige Ihrer f\u00e4lligen Geldforderungen zur Probe an. Sicherlich werden Sie bald von unserer Arbeit \u00fcberzeugt sein.<\/p>\n","protected":false},"excerpt":{"rendered":"<p>Was ist der Inkassodienst Lassche? Inkassodienst Lassche ist Teil der Anwaltskanzlei Lassche in Enschede. Der Inkassodienst der Lassche Advokaten ist spezialisiert auf die Einziehung von Geldforderungen f\u00fcr Unternehmern. Im Rahmen dieser T\u00e4tigkeit beraten und unterst\u00fctzen wir bereits seit 20 Jahren Mandanten aus den Niederlanden und Deutschland. Der Inkassodienst wird geleitet von einem auf Inkassot\u00e4tigkeiten spezialisierten [&hellip;]<\/p>\n","protected":false},"author":2,"featured_media":0,"parent":0,"menu_order":0,"comment_status":"closed","ping_status":"closed","template":"contentpagina.php","meta":{"_acf_changed":false,"footnotes":""},"class_list":["post-529","page","type-page","status-publish","hentry"],"acf":[],"yoast_head":"<!-- This site is optimized with the Yoast SEO plugin v27.6 - https:\/\/yoast.com\/product\/yoast-seo-wordpress\/ -->\n<title>Inkasso Holland &amp; Niederlande | Lassche Advocaten<\/title>\n<meta name=\"robots\" content=\"index, follow, max-snippet:-1, max-image-preview:large, max-video-preview:-1\" \/>\n<link rel=\"canonical\" href=\"https:\/\/www.lassche.nl\/de\/inkasso-holland\/\" \/>\n<meta property=\"og:locale\" content=\"de_DE\" \/>\n<meta property=\"og:type\" content=\"article\" \/>\n<meta property=\"og:title\" content=\"Inkasso Holland &amp; Niederlande | Lassche Advocaten\" \/>\n<meta property=\"og:description\" content=\"Was ist der Inkassodienst Lassche? Inkassodienst Lassche ist Teil der Anwaltskanzlei Lassche in Enschede. Der Inkassodienst der Lassche Advokaten ist spezialisiert auf die Einziehung von Geldforderungen f\u00fcr Unternehmern. Im Rahmen dieser T\u00e4tigkeit beraten und unterst\u00fctzen wir bereits seit 20 Jahren Mandanten aus den Niederlanden und Deutschland. Der Inkassodienst wird geleitet von einem auf Inkassot\u00e4tigkeiten spezialisierten [&hellip;]\" \/>\n<meta property=\"og:url\" content=\"https:\/\/www.lassche.nl\/de\/inkasso-holland\/\" \/>\n<meta property=\"og:site_name\" content=\"Lassche Advocaten\" \/>\n<meta property=\"article:modified_time\" content=\"2018-01-29T11:00:36+00:00\" \/>\n<meta name=\"twitter:card\" content=\"summary_large_image\" \/>\n<meta name=\"twitter:label1\" content=\"Gesch\u00e4tzte Lesezeit\" \/>\n\t<meta name=\"twitter:data1\" content=\"6\u00a0Minuten\" \/>\n<script type=\"application\/ld+json\" class=\"yoast-schema-graph\">{\"@context\":\"https:\\\/\\\/schema.org\",\"@graph\":[{\"@type\":\"WebPage\",\"@id\":\"https:\\\/\\\/www.lassche.nl\\\/de\\\/inkasso-holland\\\/\",\"url\":\"https:\\\/\\\/www.lassche.nl\\\/de\\\/inkasso-holland\\\/\",\"name\":\"Inkasso Holland & Niederlande | Lassche Advocaten\",\"isPartOf\":{\"@id\":\"https:\\\/\\\/www.lassche.nl\\\/#website\"},\"datePublished\":\"2017-09-29T14:04:18+00:00\",\"dateModified\":\"2018-01-29T11:00:36+00:00\",\"breadcrumb\":{\"@id\":\"https:\\\/\\\/www.lassche.nl\\\/de\\\/inkasso-holland\\\/#breadcrumb\"},\"inLanguage\":\"de\",\"potentialAction\":[{\"@type\":\"ReadAction\",\"target\":[\"https:\\\/\\\/www.lassche.nl\\\/de\\\/inkasso-holland\\\/\"]}]},{\"@type\":\"BreadcrumbList\",\"@id\":\"https:\\\/\\\/www.lassche.nl\\\/de\\\/inkasso-holland\\\/#breadcrumb\",\"itemListElement\":[{\"@type\":\"ListItem\",\"position\":1,\"name\":\"Home\",\"item\":\"https:\\\/\\\/www.lassche.nl\\\/de\\\/\"},{\"@type\":\"ListItem\",\"position\":2,\"name\":\"Inkasso\u00a0Holland &#038; Niederlande\"}]},{\"@type\":\"WebSite\",\"@id\":\"https:\\\/\\\/www.lassche.nl\\\/#website\",\"url\":\"https:\\\/\\\/www.lassche.nl\\\/\",\"name\":\"Lassche Advocaten\",\"description\":\"\",\"publisher\":{\"@id\":\"https:\\\/\\\/www.lassche.nl\\\/#organization\"},\"potentialAction\":[{\"@type\":\"SearchAction\",\"target\":{\"@type\":\"EntryPoint\",\"urlTemplate\":\"https:\\\/\\\/www.lassche.nl\\\/?s={search_term_string}\"},\"query-input\":{\"@type\":\"PropertyValueSpecification\",\"valueRequired\":true,\"valueName\":\"search_term_string\"}}],\"inLanguage\":\"de\"},{\"@type\":\"Organization\",\"@id\":\"https:\\\/\\\/www.lassche.nl\\\/#organization\",\"name\":\"Lassche Advocaten\",\"url\":\"https:\\\/\\\/www.lassche.nl\\\/\",\"logo\":{\"@type\":\"ImageObject\",\"inLanguage\":\"de\",\"@id\":\"https:\\\/\\\/www.lassche.nl\\\/#\\\/schema\\\/logo\\\/image\\\/\",\"url\":\"\",\"contentUrl\":\"\",\"caption\":\"Lassche Advocaten\"},\"image\":{\"@id\":\"https:\\\/\\\/www.lassche.nl\\\/#\\\/schema\\\/logo\\\/image\\\/\"}}]}<\/script>\n<!-- \/ Yoast SEO plugin. -->","yoast_head_json":{"title":"Inkasso Holland & Niederlande | Lassche Advocaten","robots":{"index":"index","follow":"follow","max-snippet":"max-snippet:-1","max-image-preview":"max-image-preview:large","max-video-preview":"max-video-preview:-1"},"canonical":"https:\/\/www.lassche.nl\/de\/inkasso-holland\/","og_locale":"de_DE","og_type":"article","og_title":"Inkasso Holland & Niederlande | Lassche Advocaten","og_description":"Was ist der Inkassodienst Lassche? Inkassodienst Lassche ist Teil der Anwaltskanzlei Lassche in Enschede. Der Inkassodienst der Lassche Advokaten ist spezialisiert auf die Einziehung von Geldforderungen f\u00fcr Unternehmern. Im Rahmen dieser T\u00e4tigkeit beraten und unterst\u00fctzen wir bereits seit 20 Jahren Mandanten aus den Niederlanden und Deutschland. Der Inkassodienst wird geleitet von einem auf Inkassot\u00e4tigkeiten spezialisierten [&hellip;]","og_url":"https:\/\/www.lassche.nl\/de\/inkasso-holland\/","og_site_name":"Lassche Advocaten","article_modified_time":"2018-01-29T11:00:36+00:00","twitter_card":"summary_large_image","twitter_misc":{"Gesch\u00e4tzte Lesezeit":"6\u00a0Minuten"},"schema":{"@context":"https:\/\/schema.org","@graph":[{"@type":"WebPage","@id":"https:\/\/www.lassche.nl\/de\/inkasso-holland\/","url":"https:\/\/www.lassche.nl\/de\/inkasso-holland\/","name":"Inkasso Holland & Niederlande | Lassche Advocaten","isPartOf":{"@id":"https:\/\/www.lassche.nl\/#website"},"datePublished":"2017-09-29T14:04:18+00:00","dateModified":"2018-01-29T11:00:36+00:00","breadcrumb":{"@id":"https:\/\/www.lassche.nl\/de\/inkasso-holland\/#breadcrumb"},"inLanguage":"de","potentialAction":[{"@type":"ReadAction","target":["https:\/\/www.lassche.nl\/de\/inkasso-holland\/"]}]},{"@type":"BreadcrumbList","@id":"https:\/\/www.lassche.nl\/de\/inkasso-holland\/#breadcrumb","itemListElement":[{"@type":"ListItem","position":1,"name":"Home","item":"https:\/\/www.lassche.nl\/de\/"},{"@type":"ListItem","position":2,"name":"Inkasso\u00a0Holland &#038; Niederlande"}]},{"@type":"WebSite","@id":"https:\/\/www.lassche.nl\/#website","url":"https:\/\/www.lassche.nl\/","name":"Lassche Advocaten","description":"","publisher":{"@id":"https:\/\/www.lassche.nl\/#organization"},"potentialAction":[{"@type":"SearchAction","target":{"@type":"EntryPoint","urlTemplate":"https:\/\/www.lassche.nl\/?s={search_term_string}"},"query-input":{"@type":"PropertyValueSpecification","valueRequired":true,"valueName":"search_term_string"}}],"inLanguage":"de"},{"@type":"Organization","@id":"https:\/\/www.lassche.nl\/#organization","name":"Lassche Advocaten","url":"https:\/\/www.lassche.nl\/","logo":{"@type":"ImageObject","inLanguage":"de","@id":"https:\/\/www.lassche.nl\/#\/schema\/logo\/image\/","url":"","contentUrl":"","caption":"Lassche Advocaten"},"image":{"@id":"https:\/\/www.lassche.nl\/#\/schema\/logo\/image\/"}}]}},"_links":{"self":[{"href":"https:\/\/www.lassche.nl\/de\/wp-json\/wp\/v2\/pages\/529","targetHints":{"allow":["GET"]}}],"collection":[{"href":"https:\/\/www.lassche.nl\/de\/wp-json\/wp\/v2\/pages"}],"about":[{"href":"https:\/\/www.lassche.nl\/de\/wp-json\/wp\/v2\/types\/page"}],"author":[{"embeddable":true,"href":"https:\/\/www.lassche.nl\/de\/wp-json\/wp\/v2\/users\/2"}],"replies":[{"embeddable":true,"href":"https:\/\/www.lassche.nl\/de\/wp-json\/wp\/v2\/comments?post=529"}],"version-history":[{"count":2,"href":"https:\/\/www.lassche.nl\/de\/wp-json\/wp\/v2\/pages\/529\/revisions"}],"predecessor-version":[{"id":799,"href":"https:\/\/www.lassche.nl\/de\/wp-json\/wp\/v2\/pages\/529\/revisions\/799"}],"wp:attachment":[{"href":"https:\/\/www.lassche.nl\/de\/wp-json\/wp\/v2\/media?parent=529"}],"curies":[{"name":"wp","href":"https:\/\/api.w.org\/{rel}","templated":true}]}}