{"id":390,"date":"2017-10-12T11:28:28","date_gmt":"2017-10-12T09:28:28","guid":{"rendered":"http:\/\/lassche.nl\/?page_id=390"},"modified":"2017-11-22T13:16:58","modified_gmt":"2017-11-22T12:16:58","slug":"tarife","status":"publish","type":"page","link":"https:\/\/www.lassche.nl\/de\/tarife\/","title":{"rendered":"Tarife"},"content":{"rendered":"<h3>Rechtsberatung &amp; Prozessf\u00fchrung<\/h3>\n<p>Falls nichts anderes vereinbart wurde, werden die T\u00e4tigkeiten der Rechtsanw\u00e4lte von Lassche Advocaten in Rechnung gestellt nach dem Zeitaufwand. Dieser Zeitaufwand wird mit dem f\u00fcr den jeweiligen Auftrag geltenden Grundtarif pro Stunde und einem Faktor multipliziert. Bei der Bestimmung des Faktors wird die Erfahrung und die Spezialisierung desjenigen Rechtsanwaltes, der Streitwert der Sache und das \u2013 in der jeweiligen Sache vorhandene \u2013 Ma\u00df an Dringlichkeit ber\u00fccksichtigt.<\/p>\n<p>Folgende Faktoren werden angewendet:<\/p>\n<p>Streitwert<\/p>\n<table class=\"table table-responsive\">\n<tbody>\n<tr>\n<td>Bis<\/td>\n<td>\u20ac 70.000<\/td>\n<td>Faktor 1<\/td>\n<\/tr>\n<tr>\n<td>\u20ac70.000 bis<\/td>\n<td>\u20ac 140.000<\/td>\n<td>Faktor 1,5<\/td>\n<\/tr>\n<tr>\n<td>\u20ac140.000 bis<\/td>\n<td>\u20ac 340.000<\/td>\n<td>Faktor 2<\/td>\n<\/tr>\n<tr>\n<td>\u00fcber<\/td>\n<td>\u20ac 340.000<\/td>\n<td>Faktor 2,5<\/td>\n<\/tr>\n<\/tbody>\n<\/table>\n<p>&nbsp;<\/p>\n<p>Besondere Faktoren<\/p>\n<table class=\"table table-responsive\">\n<tbody>\n<tr>\n<td>Spezialkentnisse<\/td>\n<td>Faktor 1,5<\/td>\n<\/tr>\n<tr>\n<td>Eilbedr\u00fcftigkeit oder Dringlichkeit<\/td>\n<td>Faktor 1,5<\/td>\n<\/tr>\n<\/tbody>\n<\/table>\n<p>&nbsp;<\/p>\n<p>Das Honorar erh\u00f6ht sich um 6 % Verwaltungskosten und um die verauslagten Kosten (Kosten Dritter). Der Zeitaufwand wird erfasst in Einheiten zu je 6 Minuten. Der Grundtarif pro Stunde wird j\u00e4hrlich zum 1. Januar erh\u00f6ht gemessen an der Inflationsrate.<\/p>\n<h3>Inkassodienst<\/h3>\n<p>Der Inkassodienst von Lassche Advocaten arbeitet nach dem Prinzip: No cure, no pay.<\/p>\n<p>Gelingt es dem Inkassodienst nicht Ihre Forderung au\u00dfergerichtlich einzutreiben, dann zahlen Sie keinerlei Provision. \u00dcber den einkassierten Betrag erh\u00e4lt der Inkassodienst 15 % (exkl. MwSt.) Provision. Selbstverst\u00e4ndlich versucht der Inkassodienst auch die Provision beim Schuldner geltend zu machen. Aber wenn dies nicht gelingt, geht diese Provision auf Ihre Rechnung. Auch Betr\u00e4ge, die wir an Dritte zahlen, wie zum Beispiel Geb\u00fchren f\u00fcr amtliche Adressanfragen oder Handelsregisterkosten zur Erlangung der aktuellen Daten Ihres Schuldners, m\u00fcssen wir Ihnen berechnen. Dies gilt sowohl f\u00fcr den Fall einer erfolgreichen Eintreibung Ihrer Forderung, als auch f\u00fcr den Fall, dass eine Eintreibung unverhoffterweise nicht gelingen sollte.<\/p>\n<h3>Externe Rechtsabteilung f\u00fcr Unternehmen<\/h3>\n<p>F\u00fcr einen Festbetrag pro Jahr sichern Sie sich die fachkundige Rechtsberatung unserer Rechtsanw\u00e4lte auf au\u00dfergerichtlichem Gebiet. Der Festbetrag, den wir Ihnen berechnen, wird nach R\u00fccksprache mit Ihnen festgesetzt, damit diese Verg\u00fctung Ihrer Situation und Ihren Bed\u00fcrfnissen entspricht.<\/p>\n","protected":false},"excerpt":{"rendered":"<p>Rechtsberatung &amp; Prozessf\u00fchrung Falls nichts anderes vereinbart wurde, werden die T\u00e4tigkeiten der Rechtsanw\u00e4lte von Lassche Advocaten in Rechnung gestellt nach dem Zeitaufwand. Dieser Zeitaufwand wird mit dem f\u00fcr den jeweiligen Auftrag geltenden Grundtarif pro Stunde und einem Faktor multipliziert. Bei der Bestimmung des Faktors wird die Erfahrung und die Spezialisierung desjenigen Rechtsanwaltes, der Streitwert der [&hellip;]<\/p>\n","protected":false},"author":2,"featured_media":0,"parent":0,"menu_order":0,"comment_status":"closed","ping_status":"closed","template":"contentpagina.php","meta":{"_acf_changed":false,"footnotes":""},"class_list":["post-390","page","type-page","status-publish","hentry"],"acf":[],"yoast_head":"<!-- This site is optimized with the Yoast SEO plugin v27.6 - https:\/\/yoast.com\/product\/yoast-seo-wordpress\/ -->\n<title>Tarife - Lassche Advocaten<\/title>\n<meta name=\"robots\" content=\"index, follow, max-snippet:-1, max-image-preview:large, max-video-preview:-1\" \/>\n<link rel=\"canonical\" href=\"https:\/\/www.lassche.nl\/de\/tarife\/\" \/>\n<meta property=\"og:locale\" content=\"de_DE\" \/>\n<meta property=\"og:type\" content=\"article\" \/>\n<meta property=\"og:title\" content=\"Tarife - Lassche Advocaten\" \/>\n<meta property=\"og:description\" content=\"Rechtsberatung &amp; Prozessf\u00fchrung Falls nichts anderes vereinbart wurde, werden die T\u00e4tigkeiten der Rechtsanw\u00e4lte von Lassche Advocaten in Rechnung gestellt nach dem Zeitaufwand. Dieser Zeitaufwand wird mit dem f\u00fcr den jeweiligen Auftrag geltenden Grundtarif pro Stunde und einem Faktor multipliziert. Bei der Bestimmung des Faktors wird die Erfahrung und die Spezialisierung desjenigen Rechtsanwaltes, der Streitwert der [&hellip;]\" \/>\n<meta property=\"og:url\" content=\"https:\/\/www.lassche.nl\/de\/tarife\/\" \/>\n<meta property=\"og:site_name\" content=\"Lassche Advocaten\" \/>\n<meta property=\"article:modified_time\" content=\"2017-11-22T12:16:58+00:00\" \/>\n<meta name=\"twitter:card\" content=\"summary_large_image\" \/>\n<meta name=\"twitter:label1\" content=\"Gesch\u00e4tzte Lesezeit\" \/>\n\t<meta name=\"twitter:data1\" content=\"2\u00a0Minuten\" \/>\n<script type=\"application\/ld+json\" class=\"yoast-schema-graph\">{\"@context\":\"https:\\\/\\\/schema.org\",\"@graph\":[{\"@type\":\"WebPage\",\"@id\":\"https:\\\/\\\/www.lassche.nl\\\/de\\\/tarife\\\/\",\"url\":\"https:\\\/\\\/www.lassche.nl\\\/de\\\/tarife\\\/\",\"name\":\"Tarife - Lassche Advocaten\",\"isPartOf\":{\"@id\":\"https:\\\/\\\/www.lassche.nl\\\/#website\"},\"datePublished\":\"2017-10-12T09:28:28+00:00\",\"dateModified\":\"2017-11-22T12:16:58+00:00\",\"breadcrumb\":{\"@id\":\"https:\\\/\\\/www.lassche.nl\\\/de\\\/tarife\\\/#breadcrumb\"},\"inLanguage\":\"de\",\"potentialAction\":[{\"@type\":\"ReadAction\",\"target\":[\"https:\\\/\\\/www.lassche.nl\\\/de\\\/tarife\\\/\"]}]},{\"@type\":\"BreadcrumbList\",\"@id\":\"https:\\\/\\\/www.lassche.nl\\\/de\\\/tarife\\\/#breadcrumb\",\"itemListElement\":[{\"@type\":\"ListItem\",\"position\":1,\"name\":\"Home\",\"item\":\"https:\\\/\\\/www.lassche.nl\\\/de\\\/\"},{\"@type\":\"ListItem\",\"position\":2,\"name\":\"Tarife\"}]},{\"@type\":\"WebSite\",\"@id\":\"https:\\\/\\\/www.lassche.nl\\\/#website\",\"url\":\"https:\\\/\\\/www.lassche.nl\\\/\",\"name\":\"Lassche Advocaten\",\"description\":\"\",\"publisher\":{\"@id\":\"https:\\\/\\\/www.lassche.nl\\\/#organization\"},\"potentialAction\":[{\"@type\":\"SearchAction\",\"target\":{\"@type\":\"EntryPoint\",\"urlTemplate\":\"https:\\\/\\\/www.lassche.nl\\\/?s={search_term_string}\"},\"query-input\":{\"@type\":\"PropertyValueSpecification\",\"valueRequired\":true,\"valueName\":\"search_term_string\"}}],\"inLanguage\":\"de\"},{\"@type\":\"Organization\",\"@id\":\"https:\\\/\\\/www.lassche.nl\\\/#organization\",\"name\":\"Lassche Advocaten\",\"url\":\"https:\\\/\\\/www.lassche.nl\\\/\",\"logo\":{\"@type\":\"ImageObject\",\"inLanguage\":\"de\",\"@id\":\"https:\\\/\\\/www.lassche.nl\\\/#\\\/schema\\\/logo\\\/image\\\/\",\"url\":\"\",\"contentUrl\":\"\",\"caption\":\"Lassche Advocaten\"},\"image\":{\"@id\":\"https:\\\/\\\/www.lassche.nl\\\/#\\\/schema\\\/logo\\\/image\\\/\"}}]}<\/script>\n<!-- \/ Yoast SEO plugin. -->","yoast_head_json":{"title":"Tarife - Lassche Advocaten","robots":{"index":"index","follow":"follow","max-snippet":"max-snippet:-1","max-image-preview":"max-image-preview:large","max-video-preview":"max-video-preview:-1"},"canonical":"https:\/\/www.lassche.nl\/de\/tarife\/","og_locale":"de_DE","og_type":"article","og_title":"Tarife - Lassche Advocaten","og_description":"Rechtsberatung &amp; Prozessf\u00fchrung Falls nichts anderes vereinbart wurde, werden die T\u00e4tigkeiten der Rechtsanw\u00e4lte von Lassche Advocaten in Rechnung gestellt nach dem Zeitaufwand. Dieser Zeitaufwand wird mit dem f\u00fcr den jeweiligen Auftrag geltenden Grundtarif pro Stunde und einem Faktor multipliziert. Bei der Bestimmung des Faktors wird die Erfahrung und die Spezialisierung desjenigen Rechtsanwaltes, der Streitwert der [&hellip;]","og_url":"https:\/\/www.lassche.nl\/de\/tarife\/","og_site_name":"Lassche Advocaten","article_modified_time":"2017-11-22T12:16:58+00:00","twitter_card":"summary_large_image","twitter_misc":{"Gesch\u00e4tzte Lesezeit":"2\u00a0Minuten"},"schema":{"@context":"https:\/\/schema.org","@graph":[{"@type":"WebPage","@id":"https:\/\/www.lassche.nl\/de\/tarife\/","url":"https:\/\/www.lassche.nl\/de\/tarife\/","name":"Tarife - Lassche Advocaten","isPartOf":{"@id":"https:\/\/www.lassche.nl\/#website"},"datePublished":"2017-10-12T09:28:28+00:00","dateModified":"2017-11-22T12:16:58+00:00","breadcrumb":{"@id":"https:\/\/www.lassche.nl\/de\/tarife\/#breadcrumb"},"inLanguage":"de","potentialAction":[{"@type":"ReadAction","target":["https:\/\/www.lassche.nl\/de\/tarife\/"]}]},{"@type":"BreadcrumbList","@id":"https:\/\/www.lassche.nl\/de\/tarife\/#breadcrumb","itemListElement":[{"@type":"ListItem","position":1,"name":"Home","item":"https:\/\/www.lassche.nl\/de\/"},{"@type":"ListItem","position":2,"name":"Tarife"}]},{"@type":"WebSite","@id":"https:\/\/www.lassche.nl\/#website","url":"https:\/\/www.lassche.nl\/","name":"Lassche Advocaten","description":"","publisher":{"@id":"https:\/\/www.lassche.nl\/#organization"},"potentialAction":[{"@type":"SearchAction","target":{"@type":"EntryPoint","urlTemplate":"https:\/\/www.lassche.nl\/?s={search_term_string}"},"query-input":{"@type":"PropertyValueSpecification","valueRequired":true,"valueName":"search_term_string"}}],"inLanguage":"de"},{"@type":"Organization","@id":"https:\/\/www.lassche.nl\/#organization","name":"Lassche Advocaten","url":"https:\/\/www.lassche.nl\/","logo":{"@type":"ImageObject","inLanguage":"de","@id":"https:\/\/www.lassche.nl\/#\/schema\/logo\/image\/","url":"","contentUrl":"","caption":"Lassche Advocaten"},"image":{"@id":"https:\/\/www.lassche.nl\/#\/schema\/logo\/image\/"}}]}},"_links":{"self":[{"href":"https:\/\/www.lassche.nl\/de\/wp-json\/wp\/v2\/pages\/390","targetHints":{"allow":["GET"]}}],"collection":[{"href":"https:\/\/www.lassche.nl\/de\/wp-json\/wp\/v2\/pages"}],"about":[{"href":"https:\/\/www.lassche.nl\/de\/wp-json\/wp\/v2\/types\/page"}],"author":[{"embeddable":true,"href":"https:\/\/www.lassche.nl\/de\/wp-json\/wp\/v2\/users\/2"}],"replies":[{"embeddable":true,"href":"https:\/\/www.lassche.nl\/de\/wp-json\/wp\/v2\/comments?post=390"}],"version-history":[{"count":6,"href":"https:\/\/www.lassche.nl\/de\/wp-json\/wp\/v2\/pages\/390\/revisions"}],"predecessor-version":[{"id":704,"href":"https:\/\/www.lassche.nl\/de\/wp-json\/wp\/v2\/pages\/390\/revisions\/704"}],"wp:attachment":[{"href":"https:\/\/www.lassche.nl\/de\/wp-json\/wp\/v2\/media?parent=390"}],"curies":[{"name":"wp","href":"https:\/\/api.w.org\/{rel}","templated":true}]}}