{"id":361,"date":"2017-09-13T09:18:25","date_gmt":"2017-09-13T07:18:25","guid":{"rendered":"http:\/\/lassche.nl\/?page_id=361"},"modified":"2025-01-22T11:43:40","modified_gmt":"2025-01-22T10:43:40","slug":"home","status":"publish","type":"page","link":"https:\/\/www.lassche.nl\/de\/","title":{"rendered":"Home"},"content":{"rendered":"<h2>Deutschsprachige Rechtsanw\u00e4lte in den Niederlanden<\/h2>\n<p>Lassche Advocaten ist eine international ausgerichtete Anwaltskanzlei mit Standort in Enschede in den Niederlanden.\u00a0Die Kanzlei hat sich auf juristische Dienstleistungen im Unternehmensbereich\u00a0spezialisiert\u00a0und ist seit Jahren stark international ausgerichtet, insbesondere auf Deutschland.\u00a0Lassche Anw\u00e4lte\u00a0verf\u00fcgt \u00fcber\u00a0deutschsprachige Ansprechpartner und\u00a0\u00fcber\u00a0eine deutsche Abteilung (German Desk).<span data-ccp-props=\"{&quot;201341983&quot;:0,&quot;335559739&quot;:200,&quot;335559740&quot;:276}\">\u00a0<\/span><\/p>\n<p>Die Vorgehensweise der Rechtsanw\u00e4lte von Lassche Advocaten zeichnet sich durch Fachkompetenz, pers\u00f6nliche Betreuung, und z\u00fcgige Abwicklung der Mandate\u00a0aus.<span data-ccp-props=\"{&quot;201341983&quot;:0,&quot;335559739&quot;:200,&quot;335559740&quot;:276}\">\u00a0<\/span><\/p>\n<p>Die Rechtsanw\u00e4lte von Lassche Advocaten\u00a0bieten Ihnen die Vorteile\u00a0weitreichender\u00a0Erfahrungen, sowohl in der au\u00dfergerichtlichen Abwicklung, als auch in der Prozessf\u00fchrung von Rechtssachen deutscher Mandanten.\u00a0\u00a0<span data-ccp-props=\"{&quot;201341983&quot;:0,&quot;335559739&quot;:200,&quot;335559740&quot;:276}\">\u00a0<\/span><\/p>\n<h3>Arbeitsrecht, Handelsrecht, Immobilienrecht, Inkasso, Prozessf\u00fchrung und Vollstreckung und Verkehrsrecht<\/h3>\n<p>Wir k\u00f6nnen f\u00fcr Sie in\u00a0vielen, unterschiedlichen\u00a0Rechtsgebieten prozessieren und beratend t\u00e4tig werden. Zum Beispiel bei\u00a0Verhandlungen und bei der Prozessf\u00fchrung\u00a0von zivilrechtlichen Streitigkeiten. Unser\u00a0Fachanwalt f\u00fcr Arbeitsrecht\u00a0ber\u00e4t\u00a0sowohl Arbeitgeber als auch Arbeitnehmer. Der Inkassodienst\u00a0von\u00a0Lassche Advocaten ist spezialisiert auf die Einziehung von Geldforderungen in\u00a0den Niederlanden.\u00a0In\u00a0allen Rechtsgebieten des Immobilienrechts\u00a0(u.a. Hauskauf, Baurecht\u00a0und\u00a0Mietrecht)\u00a0kann\u00a0Sie\u00a0ein\u00a0fachlich versierter\u00a0Rechtsanwalt von\u00a0Lassche Advocaten\u00a0optimal\u00a0beraten.\u00a0Wir sind Ihnen gerne behilflich bei der Anerkennung und Vollstreckung (Exekution)\u00a0deutscher,\u00a0\u00f6sterreichischer\u00a0und schweizerischer\u00a0Urteile und Titel in Holland.\u00a0Wir beraten internationale Mandanten zu Fragen des Gesellschaftsrechts. Dazu z\u00e4hlen nicht nur die Wahl der geeigneten Rechtsform bei der Gr\u00fcndung eines Unternehmens (z.B. die niederl\u00e4ndische GmbH oder AG), sondern auch Themen wie das Insolvenzverfahren in den Niederlanden.<span data-ccp-props=\"{&quot;201341983&quot;:0,&quot;335559739&quot;:200,&quot;335559740&quot;:276}\">\u00a0<\/span><\/p>\n<p>Es gibt in Holland keine mit dem\u00a0deutschen\u00a0Rechtsanwaltsverg\u00fctungsgesetz (RVG)\u00a0vergleichbare\u00a0gesetzliche Grundlage f\u00fcr die Abrechnung der\u00a0Anwalts- bzw. Gerichtskosten.\u00a0Unsere Kanzlei\u00a0\u00a0bietet\u00a0Ihnen\u00a0aber auf jeden Fall\u00a0ein faires Preis-Leistungsverh\u00e4ltnis.<span data-ccp-props=\"{&quot;201341983&quot;:0,&quot;335559739&quot;:200,&quot;335559740&quot;:276}\"> Wir arbeiten mit allen deutschen Rechtsschutzversicherungen zusammen.\u00a0<\/span><\/p>\n<p>Wir informieren Sie gerne \u00fcber unsere Dienstleistungen\u00a0bei grenz\u00fcberschreitenden Rechtsfragen.\u00a0S\u00e4mtliche Rechtsanw\u00e4lte und Kanzleimitarbeiter sprechen und verstehen gut\u00a0Deutsch. Korrespondenz in deutscher Sprache ist selbstverst\u00e4ndlich.<span data-ccp-props=\"{&quot;201341983&quot;:0,&quot;335559739&quot;:200,&quot;335559740&quot;:276}\">\u00a0<\/span><\/p>\n<p><strong>\u201cErfahrung, der Sie vertrauen k\u00f6nnen\u201d<\/strong><\/p>\n","protected":false},"excerpt":{"rendered":"<p>Deutschsprachige Rechtsanw\u00e4lte in den Niederlanden Lassche Advocaten ist eine international ausgerichtete Anwaltskanzlei mit Standort in Enschede in den Niederlanden.\u00a0Die Kanzlei hat sich auf juristische Dienstleistungen im Unternehmensbereich\u00a0spezialisiert\u00a0und ist seit Jahren stark international ausgerichtet, insbesondere auf Deutschland.\u00a0Lassche Anw\u00e4lte\u00a0verf\u00fcgt \u00fcber\u00a0deutschsprachige Ansprechpartner und\u00a0\u00fcber\u00a0eine deutsche Abteilung (German Desk).\u00a0 Die Vorgehensweise der Rechtsanw\u00e4lte von Lassche Advocaten zeichnet sich durch Fachkompetenz, [&hellip;]<\/p>\n","protected":false},"author":2,"featured_media":0,"parent":0,"menu_order":0,"comment_status":"closed","ping_status":"open","template":"frontpage.php","meta":{"_acf_changed":false,"footnotes":""},"class_list":["post-361","page","type-page","status-publish","hentry"],"acf":[],"yoast_head":"<!-- This site is optimized with the Yoast SEO plugin v27.3 - https:\/\/yoast.com\/product\/yoast-seo-wordpress\/ -->\n<title>Rechtsanwalt Holland &amp; Niederlande | Lassche Advocaten<\/title>\n<meta name=\"description\" content=\"Lassche Advocaten ist eine niederl\u00e4ndische Anwaltskanzlei mit Sitz in Enschede. Die Kanzlei hat sich spezialisiert auf juristische Dienstleistungen im ...\" \/>\n<meta name=\"robots\" content=\"index, follow, max-snippet:-1, max-image-preview:large, max-video-preview:-1\" \/>\n<link rel=\"canonical\" href=\"https:\/\/www.lassche.nl\/de\/\" \/>\n<meta property=\"og:locale\" content=\"de_DE\" \/>\n<meta property=\"og:type\" content=\"article\" \/>\n<meta property=\"og:title\" content=\"Rechtsanwalt Holland &amp; Niederlande | Lassche Advocaten\" \/>\n<meta property=\"og:description\" content=\"Lassche Advocaten ist eine niederl\u00e4ndische Anwaltskanzlei mit Sitz in Enschede. Die Kanzlei hat sich spezialisiert auf juristische Dienstleistungen im ...\" \/>\n<meta property=\"og:url\" content=\"https:\/\/www.lassche.nl\/de\/\" \/>\n<meta property=\"og:site_name\" content=\"Lassche Advocaten\" \/>\n<meta property=\"article:modified_time\" content=\"2025-01-22T10:43:40+00:00\" \/>\n<meta name=\"twitter:card\" content=\"summary_large_image\" \/>\n<meta name=\"twitter:label1\" content=\"Gesch\u00e4tzte Lesezeit\" \/>\n\t<meta name=\"twitter:data1\" content=\"2\u00a0Minuten\" \/>\n<script type=\"application\/ld+json\" class=\"yoast-schema-graph\">{\"@context\":\"https:\\\/\\\/schema.org\",\"@graph\":[{\"@type\":\"WebPage\",\"@id\":\"https:\\\/\\\/www.lassche.nl\\\/de\\\/\",\"url\":\"https:\\\/\\\/www.lassche.nl\\\/de\\\/\",\"name\":\"Rechtsanwalt Holland & Niederlande | Lassche Advocaten\",\"isPartOf\":{\"@id\":\"https:\\\/\\\/www.lassche.nl\\\/#website\"},\"datePublished\":\"2017-09-13T07:18:25+00:00\",\"dateModified\":\"2025-01-22T10:43:40+00:00\",\"description\":\"Lassche Advocaten ist eine niederl\u00e4ndische Anwaltskanzlei mit Sitz in Enschede. Die Kanzlei hat sich spezialisiert auf juristische Dienstleistungen im ...\",\"breadcrumb\":{\"@id\":\"https:\\\/\\\/www.lassche.nl\\\/de\\\/#breadcrumb\"},\"inLanguage\":\"de\",\"potentialAction\":[{\"@type\":\"ReadAction\",\"target\":[\"https:\\\/\\\/www.lassche.nl\\\/de\\\/\"]}]},{\"@type\":\"BreadcrumbList\",\"@id\":\"https:\\\/\\\/www.lassche.nl\\\/de\\\/#breadcrumb\",\"itemListElement\":[{\"@type\":\"ListItem\",\"position\":1,\"name\":\"Home\",\"item\":\"https:\\\/\\\/www.lassche.nl\\\/de\\\/\"},{\"@type\":\"ListItem\",\"position\":2,\"name\":\"Home\"}]},{\"@type\":\"WebSite\",\"@id\":\"https:\\\/\\\/www.lassche.nl\\\/#website\",\"url\":\"https:\\\/\\\/www.lassche.nl\\\/\",\"name\":\"Lassche Advocaten\",\"description\":\"\",\"publisher\":{\"@id\":\"https:\\\/\\\/www.lassche.nl\\\/#organization\"},\"potentialAction\":[{\"@type\":\"SearchAction\",\"target\":{\"@type\":\"EntryPoint\",\"urlTemplate\":\"https:\\\/\\\/www.lassche.nl\\\/?s={search_term_string}\"},\"query-input\":{\"@type\":\"PropertyValueSpecification\",\"valueRequired\":true,\"valueName\":\"search_term_string\"}}],\"inLanguage\":\"de\"},{\"@type\":\"Organization\",\"@id\":\"https:\\\/\\\/www.lassche.nl\\\/#organization\",\"name\":\"Lassche Advocaten\",\"url\":\"https:\\\/\\\/www.lassche.nl\\\/\",\"logo\":{\"@type\":\"ImageObject\",\"inLanguage\":\"de\",\"@id\":\"https:\\\/\\\/www.lassche.nl\\\/#\\\/schema\\\/logo\\\/image\\\/\",\"url\":\"\",\"contentUrl\":\"\",\"caption\":\"Lassche Advocaten\"},\"image\":{\"@id\":\"https:\\\/\\\/www.lassche.nl\\\/#\\\/schema\\\/logo\\\/image\\\/\"}}]}<\/script>\n<!-- \/ Yoast SEO plugin. -->","yoast_head_json":{"title":"Rechtsanwalt Holland & Niederlande | Lassche Advocaten","description":"Lassche Advocaten ist eine niederl\u00e4ndische Anwaltskanzlei mit Sitz in Enschede. Die Kanzlei hat sich spezialisiert auf juristische Dienstleistungen im ...","robots":{"index":"index","follow":"follow","max-snippet":"max-snippet:-1","max-image-preview":"max-image-preview:large","max-video-preview":"max-video-preview:-1"},"canonical":"https:\/\/www.lassche.nl\/de\/","og_locale":"de_DE","og_type":"article","og_title":"Rechtsanwalt Holland & Niederlande | Lassche Advocaten","og_description":"Lassche Advocaten ist eine niederl\u00e4ndische Anwaltskanzlei mit Sitz in Enschede. Die Kanzlei hat sich spezialisiert auf juristische Dienstleistungen im ...","og_url":"https:\/\/www.lassche.nl\/de\/","og_site_name":"Lassche Advocaten","article_modified_time":"2025-01-22T10:43:40+00:00","twitter_card":"summary_large_image","twitter_misc":{"Gesch\u00e4tzte Lesezeit":"2\u00a0Minuten"},"schema":{"@context":"https:\/\/schema.org","@graph":[{"@type":"WebPage","@id":"https:\/\/www.lassche.nl\/de\/","url":"https:\/\/www.lassche.nl\/de\/","name":"Rechtsanwalt Holland & Niederlande | Lassche Advocaten","isPartOf":{"@id":"https:\/\/www.lassche.nl\/#website"},"datePublished":"2017-09-13T07:18:25+00:00","dateModified":"2025-01-22T10:43:40+00:00","description":"Lassche Advocaten ist eine niederl\u00e4ndische Anwaltskanzlei mit Sitz in Enschede. Die Kanzlei hat sich spezialisiert auf juristische Dienstleistungen im ...","breadcrumb":{"@id":"https:\/\/www.lassche.nl\/de\/#breadcrumb"},"inLanguage":"de","potentialAction":[{"@type":"ReadAction","target":["https:\/\/www.lassche.nl\/de\/"]}]},{"@type":"BreadcrumbList","@id":"https:\/\/www.lassche.nl\/de\/#breadcrumb","itemListElement":[{"@type":"ListItem","position":1,"name":"Home","item":"https:\/\/www.lassche.nl\/de\/"},{"@type":"ListItem","position":2,"name":"Home"}]},{"@type":"WebSite","@id":"https:\/\/www.lassche.nl\/#website","url":"https:\/\/www.lassche.nl\/","name":"Lassche Advocaten","description":"","publisher":{"@id":"https:\/\/www.lassche.nl\/#organization"},"potentialAction":[{"@type":"SearchAction","target":{"@type":"EntryPoint","urlTemplate":"https:\/\/www.lassche.nl\/?s={search_term_string}"},"query-input":{"@type":"PropertyValueSpecification","valueRequired":true,"valueName":"search_term_string"}}],"inLanguage":"de"},{"@type":"Organization","@id":"https:\/\/www.lassche.nl\/#organization","name":"Lassche Advocaten","url":"https:\/\/www.lassche.nl\/","logo":{"@type":"ImageObject","inLanguage":"de","@id":"https:\/\/www.lassche.nl\/#\/schema\/logo\/image\/","url":"","contentUrl":"","caption":"Lassche Advocaten"},"image":{"@id":"https:\/\/www.lassche.nl\/#\/schema\/logo\/image\/"}}]}},"_links":{"self":[{"href":"https:\/\/www.lassche.nl\/de\/wp-json\/wp\/v2\/pages\/361","targetHints":{"allow":["GET"]}}],"collection":[{"href":"https:\/\/www.lassche.nl\/de\/wp-json\/wp\/v2\/pages"}],"about":[{"href":"https:\/\/www.lassche.nl\/de\/wp-json\/wp\/v2\/types\/page"}],"author":[{"embeddable":true,"href":"https:\/\/www.lassche.nl\/de\/wp-json\/wp\/v2\/users\/2"}],"replies":[{"embeddable":true,"href":"https:\/\/www.lassche.nl\/de\/wp-json\/wp\/v2\/comments?post=361"}],"version-history":[{"count":20,"href":"https:\/\/www.lassche.nl\/de\/wp-json\/wp\/v2\/pages\/361\/revisions"}],"predecessor-version":[{"id":1223,"href":"https:\/\/www.lassche.nl\/de\/wp-json\/wp\/v2\/pages\/361\/revisions\/1223"}],"wp:attachment":[{"href":"https:\/\/www.lassche.nl\/de\/wp-json\/wp\/v2\/media?parent=361"}],"curies":[{"name":"wp","href":"https:\/\/api.w.org\/{rel}","templated":true}]}}